{"id":988,"date":"2022-06-21T18:15:10","date_gmt":"2022-06-21T18:15:10","guid":{"rendered":"https:\/\/wedopcf.com\/wordpress-2\/?post_type=product&#038;p=988"},"modified":"2025-12-12T22:20:27","modified_gmt":"2025-12-12T22:20:27","slug":"sosa-caustica","status":"publish","type":"product","link":"https:\/\/wedopcf.com\/wordpress-2\/producto\/sosa-caustica\/","title":{"rendered":"SOSA CAUSTICA"},"content":{"rendered":"<p>Etiquetas impresas en vinil adheridle a colores para la identificaci\u00f3n de peligros pot\u00e9nciales de qu\u00edmicos como el de la Sosa Castica \u00a0disponible en dos dise\u00f1os, cuadro y rombo.<\/p>\n<p>La etiqueta es apta para exterior e interiores con un plastificado para mayor duraci\u00f3n.<\/p>\n<p>&nbsp;<\/p>\n<p>&nbsp;<\/p>\n<p>&nbsp;<\/p>\n","protected":false},"excerpt":{"rendered":"<p>Vinil con impresion digital a colores con plastificado<\/p>\n<p>Se puede reproducir cualquier texto y color necesario<\/p>\n<p>Se vende desde una pieza<\/p>\n","protected":false},"featured_media":994,"comment_status":"open","ping_status":"closed","template":"","meta":[],"product_cat":[91,56],"product_tag":[247,132,197,196,245,246,248],"_links":{"self":[{"href":"https:\/\/wedopcf.com\/wordpress-2\/wp-json\/wp\/v2\/product\/988"}],"collection":[{"href":"https:\/\/wedopcf.com\/wordpress-2\/wp-json\/wp\/v2\/product"}],"about":[{"href":"https:\/\/wedopcf.com\/wordpress-2\/wp-json\/wp\/v2\/types\/product"}],"replies":[{"embeddable":true,"href":"https:\/\/wedopcf.com\/wordpress-2\/wp-json\/wp\/v2\/comments?post=988"}],"wp:featuredmedia":[{"embeddable":true,"href":"https:\/\/wedopcf.com\/wordpress-2\/wp-json\/wp\/v2\/media\/994"}],"wp:attachment":[{"href":"https:\/\/wedopcf.com\/wordpress-2\/wp-json\/wp\/v2\/media?parent=988"}],"wp:term":[{"taxonomy":"product_cat","embeddable":true,"href":"https:\/\/wedopcf.com\/wordpress-2\/wp-json\/wp\/v2\/product_cat?post=988"},{"taxonomy":"product_tag","embeddable":true,"href":"https:\/\/wedopcf.com\/wordpress-2\/wp-json\/wp\/v2\/product_tag?post=988"}],"curies":[{"name":"wp","href":"https:\/\/api.w.org\/{rel}","templated":true}]}}