{"id":978,"date":"2022-06-06T23:35:23","date_gmt":"2022-06-06T23:35:23","guid":{"rendered":"http:\/\/wedopcf.com\/wordpress-2\/?post_type=product&#038;p=978"},"modified":"2024-10-18T05:07:20","modified_gmt":"2024-10-18T05:07:20","slug":"letras-3d","status":"publish","type":"product","link":"https:\/\/wedopcf.com\/wordpress-2\/producto\/letras-3d\/","title":{"rendered":"LETRAS 3D"},"content":{"rendered":"<p>Letras en aluminio o l\u00e1mina galvanizada pintada con fondo met\u00e1lico y cara en acr\u00edlico blanco o de color con iluminaci\u00f3n a base de modulos de led.<\/p>\n<p>Para Exterior, no incliye instalaci\u00f3n en lugares fuera de Guadalajara o Zapopan, jalisco.<\/p>\n<p>Varias medidas cualquier tipografia o dise\u00f1o<\/p>\n<p><img loading=\"lazy\" decoding=\"async\" class=\"alignnone size-medium wp-image-1478\" src=\"http:\/\/wedopcf.com\/wordpress-2\/wp-content\/uploads\/2022\/06\/letrero-luminoso-300x269.png\" alt=\"letrero intel by wedo iluminado\n\" width=\"300\" height=\"269\" srcset=\"https:\/\/wedopcf.com\/wordpress-2\/wp-content\/uploads\/2022\/06\/letrero-luminoso-300x269.png 300w, https:\/\/wedopcf.com\/wordpress-2\/wp-content\/uploads\/2022\/06\/letrero-luminoso-768x690.png 768w, https:\/\/wedopcf.com\/wordpress-2\/wp-content\/uploads\/2022\/06\/letrero-luminoso-600x539.png 600w, https:\/\/wedopcf.com\/wordpress-2\/wp-content\/uploads\/2022\/06\/letrero-luminoso-48x43.png 48w, https:\/\/wedopcf.com\/wordpress-2\/wp-content\/uploads\/2022\/06\/letrero-luminoso.png 855w\" sizes=\"(max-width: 300px) 100vw, 300px\" \/><\/p>\n<p>&nbsp;<\/p>\n<figure id=\"attachment_983\" aria-describedby=\"caption-attachment-983\" style=\"width: 278px\" class=\"wp-caption alignnone\"><img loading=\"lazy\" decoding=\"async\" class=\"size-medium wp-image-983\" src=\"http:\/\/wedopcf.com\/wordpress-2\/wp-content\/uploads\/2022\/06\/IMG_FD15D7119D30-1-278x300.jpeg\" alt=\"letras iluminadas 3d, base led\" width=\"278\" height=\"300\" srcset=\"https:\/\/wedopcf.com\/wordpress-2\/wp-content\/uploads\/2022\/06\/IMG_FD15D7119D30-1-278x300.jpeg 278w, https:\/\/wedopcf.com\/wordpress-2\/wp-content\/uploads\/2022\/06\/IMG_FD15D7119D30-1-768x830.jpeg 768w, https:\/\/wedopcf.com\/wordpress-2\/wp-content\/uploads\/2022\/06\/IMG_FD15D7119D30-1-600x649.jpeg 600w, https:\/\/wedopcf.com\/wordpress-2\/wp-content\/uploads\/2022\/06\/IMG_FD15D7119D30-1.jpeg 790w\" sizes=\"(max-width: 278px) 100vw, 278px\" \/><figcaption id=\"caption-attachment-983\" class=\"wp-caption-text\">letras 3d by wedopcf<\/figcaption><\/figure>\n<p><img loading=\"lazy\" decoding=\"async\" class=\"alignnone size-medium wp-image-986\" src=\"http:\/\/wedopcf.com\/wordpress-2\/wp-content\/uploads\/2022\/06\/IMG_815272F1D3FE-1-300x186.jpeg\" alt=\"letras iluminadas 3d\" width=\"300\" height=\"186\" srcset=\"https:\/\/wedopcf.com\/wordpress-2\/wp-content\/uploads\/2022\/06\/IMG_815272F1D3FE-1-300x186.jpeg 300w, https:\/\/wedopcf.com\/wordpress-2\/wp-content\/uploads\/2022\/06\/IMG_815272F1D3FE-1-768x476.jpeg 768w, https:\/\/wedopcf.com\/wordpress-2\/wp-content\/uploads\/2022\/06\/IMG_815272F1D3FE-1-600x372.jpeg 600w, https:\/\/wedopcf.com\/wordpress-2\/wp-content\/uploads\/2022\/06\/IMG_815272F1D3FE-1.jpeg 828w\" sizes=\"(max-width: 300px) 100vw, 300px\" \/><\/p>\n<blockquote class=\"tiktok-embed\" style=\"max-width: 605px; min-width: 325px;\" cite=\"https:\/\/www.tiktok.com\/@wedo_pcf\/video\/7035502412391632134\" data-video-id=\"7035502412391632134\">\n<section><a title=\"@wedo_pcf\" href=\"https:\/\/www.tiktok.com\/@wedo_pcf?refer=embed\" target=\"_blank\" rel=\"noopener\">@wedo_pcf<\/a> <a title=\"wedopcf\" href=\"https:\/\/www.tiktok.com\/tag\/wedopcf?refer=embed\" target=\"_blank\" rel=\"noopener\">#wedopcf<\/a> <a title=\"\u266c TIME IN OBLIVION - iANO\" href=\"https:\/\/www.tiktok.com\/music\/TIME-IN-OBLIVION-6992295079872301058?refer=embed\" target=\"_blank\" rel=\"noopener\">\u266c TIME IN OBLIVION &#8211; iANO<\/a><\/section>\n<\/blockquote>\n<p><script async src=\"https:\/\/www.tiktok.com\/embed.js\"><\/script><\/p>\n","protected":false},"excerpt":{"rendered":"<p>Caracter de tamo de 30 a 35 cm de altura.<\/p>\n<p>Si cambia la altura del producto varia el precio.<\/p>\n<p>Letras menores a 14 cm preguntar precio.<\/p>\n<p>NO incluye fuente de poder<\/p>\n<p>En compra de mas de 5 letras fuente incluida.<\/p>\n<p>Instalaci\u00f3n a base t\u00e1quete y tornillo o mediante cinta doble cara de montaje pesado 3M.<\/p>\n<p>&nbsp;<\/p>\n","protected":false},"featured_media":1481,"comment_status":"open","ping_status":"closed","template":"","meta":[],"product_cat":[238],"product_tag":[240,241,242,239,224,244,243],"_links":{"self":[{"href":"https:\/\/wedopcf.com\/wordpress-2\/wp-json\/wp\/v2\/product\/978"}],"collection":[{"href":"https:\/\/wedopcf.com\/wordpress-2\/wp-json\/wp\/v2\/product"}],"about":[{"href":"https:\/\/wedopcf.com\/wordpress-2\/wp-json\/wp\/v2\/types\/product"}],"replies":[{"embeddable":true,"href":"https:\/\/wedopcf.com\/wordpress-2\/wp-json\/wp\/v2\/comments?post=978"}],"wp:featuredmedia":[{"embeddable":true,"href":"https:\/\/wedopcf.com\/wordpress-2\/wp-json\/wp\/v2\/media\/1481"}],"wp:attachment":[{"href":"https:\/\/wedopcf.com\/wordpress-2\/wp-json\/wp\/v2\/media?parent=978"}],"wp:term":[{"taxonomy":"product_cat","embeddable":true,"href":"https:\/\/wedopcf.com\/wordpress-2\/wp-json\/wp\/v2\/product_cat?post=978"},{"taxonomy":"product_tag","embeddable":true,"href":"https:\/\/wedopcf.com\/wordpress-2\/wp-json\/wp\/v2\/product_tag?post=978"}],"curies":[{"name":"wp","href":"https:\/\/api.w.org\/{rel}","templated":true}]}}