{"id":968,"date":"2022-05-02T21:21:54","date_gmt":"2022-05-02T21:21:54","guid":{"rendered":"https:\/\/wedopcf.com\/wordpress-2\/?post_type=product&#038;p=968"},"modified":"2022-05-02T21:25:38","modified_gmt":"2022-05-02T21:25:38","slug":"letreros-conexion-a-tierra","status":"publish","type":"product","link":"https:\/\/wedopcf.com\/wordpress-2\/producto\/letreros-conexion-a-tierra\/","title":{"rendered":"Letreros Conexi\u00f3n a tierra"},"content":{"rendered":"<p>Se\u00f1alamiento de pictorgrama de Conexi\u00f3n a tierra no desconectar para visualizaci\u00f3n menor a 10 mts de distancia, impresi\u00f3n para exteriores a base de solvente sobre l\u00e1mina galvanizada.<\/p>\n","protected":false},"excerpt":{"rendered":"<p>Impresion digital alta resoluci\u00f3n a base de solvente para exteriores<\/p>\n<p>Vinil blanco adheridle.<\/p>\n<p>Lamina galvanizada cal 20 cortada en laser con esquinas redondeadas<\/p>\n<p>Letrero para exterior<\/p>\n<p>Medida 15.6&#215;16.6 para visualizaci\u00f3n menor a 10mts.<\/p>\n<p>Pictograma y medidas en base a la NOM-026<\/p>\n","protected":false},"featured_media":969,"comment_status":"open","ping_status":"closed","template":"","meta":[],"product_cat":[185],"product_tag":[225,227,222,226,230,229,224,231,223,228],"_links":{"self":[{"href":"https:\/\/wedopcf.com\/wordpress-2\/wp-json\/wp\/v2\/product\/968"}],"collection":[{"href":"https:\/\/wedopcf.com\/wordpress-2\/wp-json\/wp\/v2\/product"}],"about":[{"href":"https:\/\/wedopcf.com\/wordpress-2\/wp-json\/wp\/v2\/types\/product"}],"replies":[{"embeddable":true,"href":"https:\/\/wedopcf.com\/wordpress-2\/wp-json\/wp\/v2\/comments?post=968"}],"wp:featuredmedia":[{"embeddable":true,"href":"https:\/\/wedopcf.com\/wordpress-2\/wp-json\/wp\/v2\/media\/969"}],"wp:attachment":[{"href":"https:\/\/wedopcf.com\/wordpress-2\/wp-json\/wp\/v2\/media?parent=968"}],"wp:term":[{"taxonomy":"product_cat","embeddable":true,"href":"https:\/\/wedopcf.com\/wordpress-2\/wp-json\/wp\/v2\/product_cat?post=968"},{"taxonomy":"product_tag","embeddable":true,"href":"https:\/\/wedopcf.com\/wordpress-2\/wp-json\/wp\/v2\/product_tag?post=968"}],"curies":[{"name":"wp","href":"https:\/\/api.w.org\/{rel}","templated":true}]}}