{"id":966,"date":"2022-05-02T21:20:07","date_gmt":"2022-05-02T21:20:07","guid":{"rendered":"https:\/\/wedopcf.com\/wordpress-2\/?post_type=product&#038;p=966"},"modified":"2022-05-02T21:54:21","modified_gmt":"2022-05-02T21:54:21","slug":"letreros-de-advertencia-corriente-de-rayo","status":"publish","type":"product","link":"https:\/\/wedopcf.com\/wordpress-2\/producto\/letreros-de-advertencia-corriente-de-rayo\/","title":{"rendered":"Letreros de advertencia Corriente de rayo"},"content":{"rendered":"<p>Se\u00f1alamiento de pictorgrama de Corriente de rayo para visualizaci\u00f3n menor a 10 mts de distancia, impresi\u00f3n para exteriores a base de solvente sobre l\u00e1mina galvanizada.<\/p>\n","protected":false},"excerpt":{"rendered":"<p>Impresi\u00f3n digital alta resoluci\u00f3n a base de solvente para exteriores<\/p>\n<p>Vinil blanco adheridle.<\/p>\n<p>Lamina galvanizada cal 20 cortada en laser con esquinas redondeadas<\/p>\n<p>Letrero para exterior<\/p>\n<p>Medida 18&#215;22 para visualizaci\u00f3n menor a 10mts.<\/p>\n<p>Pictograma y medidas en base a la NOM-026<\/p>\n","protected":false},"featured_media":967,"comment_status":"open","ping_status":"closed","template":"","meta":[],"product_cat":[185],"product_tag":[225,222,226,224,223],"_links":{"self":[{"href":"https:\/\/wedopcf.com\/wordpress-2\/wp-json\/wp\/v2\/product\/966"}],"collection":[{"href":"https:\/\/wedopcf.com\/wordpress-2\/wp-json\/wp\/v2\/product"}],"about":[{"href":"https:\/\/wedopcf.com\/wordpress-2\/wp-json\/wp\/v2\/types\/product"}],"replies":[{"embeddable":true,"href":"https:\/\/wedopcf.com\/wordpress-2\/wp-json\/wp\/v2\/comments?post=966"}],"wp:featuredmedia":[{"embeddable":true,"href":"https:\/\/wedopcf.com\/wordpress-2\/wp-json\/wp\/v2\/media\/967"}],"wp:attachment":[{"href":"https:\/\/wedopcf.com\/wordpress-2\/wp-json\/wp\/v2\/media?parent=966"}],"wp:term":[{"taxonomy":"product_cat","embeddable":true,"href":"https:\/\/wedopcf.com\/wordpress-2\/wp-json\/wp\/v2\/product_cat?post=966"},{"taxonomy":"product_tag","embeddable":true,"href":"https:\/\/wedopcf.com\/wordpress-2\/wp-json\/wp\/v2\/product_tag?post=966"}],"curies":[{"name":"wp","href":"https:\/\/api.w.org\/{rel}","templated":true}]}}