{"id":929,"date":"2022-05-02T18:57:15","date_gmt":"2022-05-02T18:57:15","guid":{"rendered":"https:\/\/wedopcf.com\/wordpress-2\/?post_type=product&#038;p=929"},"modified":"2022-10-15T00:56:51","modified_gmt":"2022-10-15T00:56:51","slug":"rutas-de-evacuacion-laserglow-de-rowmark","status":"publish","type":"product","link":"https:\/\/wedopcf.com\/wordpress-2\/producto\/rutas-de-evacuacion-laserglow-de-rowmark\/","title":{"rendered":"Se\u00f1alamientos laserglow de rowmark"},"content":{"rendered":"<p>Se\u00f1alamiento de ruta de evacuaci\u00f3n, salida de emergencia, extintores, hidrates, alarmas, lava ojos y botiqu\u00edn, fabricados en acr\u00edlico de 3mm de color verde o rojo con base de trovicel de 6 mm, con pictograf\u00eda realzado cortado en laser marca laserglow de rowmark que brilla en la obscuridad de 1\/16 de espesor .<\/p>\n<p>&nbsp;<\/p>\n<p><img loading=\"lazy\" decoding=\"async\" class=\"alignnone size-medium wp-image-960\" src=\"http:\/\/wedopcf.com\/wordpress-2\/wp-content\/uploads\/2022\/05\/hidranter-300x199.jpg\" alt=\"\" width=\"300\" height=\"199\" srcset=\"https:\/\/wedopcf.com\/wordpress-2\/wp-content\/uploads\/2022\/05\/hidranter-300x199.jpg 300w, https:\/\/wedopcf.com\/wordpress-2\/wp-content\/uploads\/2022\/05\/hidranter-600x399.jpg 600w, https:\/\/wedopcf.com\/wordpress-2\/wp-content\/uploads\/2022\/05\/hidranter.jpg 725w\" sizes=\"(max-width: 300px) 100vw, 300px\" \/>\u00a0 \u00a0 \u00a0 <img loading=\"lazy\" decoding=\"async\" class=\"alignnone size-medium wp-image-961\" src=\"http:\/\/wedopcf.com\/wordpress-2\/wp-content\/uploads\/2022\/05\/extintr-300x193.jpg\" alt=\"\" width=\"300\" height=\"193\" srcset=\"https:\/\/wedopcf.com\/wordpress-2\/wp-content\/uploads\/2022\/05\/extintr-300x193.jpg 300w, https:\/\/wedopcf.com\/wordpress-2\/wp-content\/uploads\/2022\/05\/extintr-600x385.jpg 600w, https:\/\/wedopcf.com\/wordpress-2\/wp-content\/uploads\/2022\/05\/extintr.jpg 659w\" sizes=\"(max-width: 300px) 100vw, 300px\" \/><\/p>\n<blockquote class=\"tiktok-embed\" cite=\"https:\/\/www.tiktok.com\/@wedo_pcf\/video\/7007205311975050502\" data-video-id=\"7007205311975050502\" style=\"max-width: 605px;min-width: 325px;\" >\n<section> <a target=\"_blank\" title=\"@wedo_pcf\" href=\"https:\/\/www.tiktok.com\/@wedo_pcf?refer=embed\" rel=\"noopener\">@wedo_pcf<\/a> Se\u00f1alamientos laserglow rowmark by wedopcf <a title=\"letreros\" target=\"_blank\" href=\"https:\/\/www.tiktok.com\/tag\/letreros?refer=embed\" rel=\"noopener\">#letreros<\/a> <a title=\"se\u00f1aletica\" target=\"_blank\" href=\"https:\/\/www.tiktok.com\/tag\/se%C3%B1aletica?refer=embed\" rel=\"noopener\">#se\u00f1aletica<\/a><a title=\"wedopcf\" target=\"_blank\" href=\"https:\/\/www.tiktok.com\/tag\/wedopcf?refer=embed\" rel=\"noopener\">#wedopcf<\/a><a title=\"guadalajara\" target=\"_blank\" href=\"https:\/\/www.tiktok.com\/tag\/guadalajara?refer=embed\" rel=\"noopener\">#guadalajara<\/a> <a target=\"_blank\" title=\"\u266c Myself - Bazzi\" href=\"https:\/\/www.tiktok.com\/music\/Myself-6566091950947044097?refer=embed\" rel=\"noopener\">\u266c Myself &#8211; Bazzi<\/a> <\/section>\n<\/blockquote>\n<p> <script async src=\"https:\/\/www.tiktok.com\/embed.js\"><\/script><\/p>\n","protected":false},"excerpt":{"rendered":"<p>Acrilico 3mm rojo o verde<\/p>\n<p>Laserglow de rowmark fotoluminescenze de 1\/16 de espesor<\/p>\n<p>Cortade a laser<\/p>\n<p>Base de trovicel de 6 mm<\/p>\n<p>Medida total de 17x35cm rutas de evacuaci\u00f3n<\/p>\n<p>Medida total 22x22cm Extintores, Hidrantes, Alarma, Botiquitin, Lavaojos<\/p>\n<p>&nbsp;<\/p>\n<p>&nbsp;<\/p>\n","protected":false},"featured_media":932,"comment_status":"open","ping_status":"closed","template":"","meta":[],"product_cat":[185],"product_tag":[214,215,213,221,218,219,220,211,212,217,216],"_links":{"self":[{"href":"https:\/\/wedopcf.com\/wordpress-2\/wp-json\/wp\/v2\/product\/929"}],"collection":[{"href":"https:\/\/wedopcf.com\/wordpress-2\/wp-json\/wp\/v2\/product"}],"about":[{"href":"https:\/\/wedopcf.com\/wordpress-2\/wp-json\/wp\/v2\/types\/product"}],"replies":[{"embeddable":true,"href":"https:\/\/wedopcf.com\/wordpress-2\/wp-json\/wp\/v2\/comments?post=929"}],"wp:featuredmedia":[{"embeddable":true,"href":"https:\/\/wedopcf.com\/wordpress-2\/wp-json\/wp\/v2\/media\/932"}],"wp:attachment":[{"href":"https:\/\/wedopcf.com\/wordpress-2\/wp-json\/wp\/v2\/media?parent=929"}],"wp:term":[{"taxonomy":"product_cat","embeddable":true,"href":"https:\/\/wedopcf.com\/wordpress-2\/wp-json\/wp\/v2\/product_cat?post=929"},{"taxonomy":"product_tag","embeddable":true,"href":"https:\/\/wedopcf.com\/wordpress-2\/wp-json\/wp\/v2\/product_tag?post=929"}],"curies":[{"name":"wp","href":"https:\/\/api.w.org\/{rel}","templated":true}]}}