{"id":889,"date":"2021-06-19T21:24:38","date_gmt":"2021-06-19T21:24:38","guid":{"rendered":"https:\/\/wedopcf.com\/wordpress-2\/?post_type=product&#038;p=889"},"modified":"2024-01-12T05:20:26","modified_gmt":"2024-01-12T05:20:26","slug":"etiqueta-tuberia-electrica","status":"publish","type":"product","link":"https:\/\/wedopcf.com\/wordpress-2\/producto\/etiqueta-tuberia-electrica\/","title":{"rendered":"Etiqueta tuber\u00eda el\u00e9ctrica"},"content":{"rendered":"<p>Etiquetas de vinil color<\/p>\n<p>naranja con impresi\u00f3n en tinta negra en t\u00e9cnica de serigraf\u00eda para alto volumen y en t\u00e9cnica de recorte de vinil para vol\u00famenes peque\u00f1os, elaboradas en base a normatividad mexicana.<\/p>\n<p>-Vinil color naranja<\/p>\n<p>&#8211; Medida de etiqueta en 1 y 2 \u00a0pulgadas de alto por 8\u201d de largo<\/p>\n<p>-Leyendas disponibles de contactos, alumbrado y alimentadores en voltajes de 440, 220 y 127 volts<\/p>\n","protected":false},"excerpt":{"rendered":"<p>Etiquetas de vinil color naranja con impresi\u00f3n en tinta negra en t\u00e9cnica de serigraf\u00eda para alto volumen y en t\u00e9cnica de recorte de vinil para vol\u00famenes peque\u00f1os, elaboradas en base a normatividad mexicana. -Vinil color naranja &#8211; Medida de etiqueta en 1 y 2 \u00a0pulgadas de alto por 8\u201d de largo -Leyendas disponibles de contactos, &hellip;<\/p>\n<p class=\"read-more\"> <a class=\" thunk-readmore button \" href=\"https:\/\/wedopcf.com\/wordpress-2\/producto\/etiqueta-tuberia-electrica\/\"> <span class=\"screen-reader-text\">Etiqueta tuber\u00eda el\u00e9ctrica<\/span>Leer m\u00e1s<\/a><\/p>\n","protected":false},"featured_media":891,"comment_status":"open","ping_status":"closed","template":"","meta":[],"product_cat":[91,56],"product_tag":[173,175,174,172,171,170,176],"_links":{"self":[{"href":"https:\/\/wedopcf.com\/wordpress-2\/wp-json\/wp\/v2\/product\/889"}],"collection":[{"href":"https:\/\/wedopcf.com\/wordpress-2\/wp-json\/wp\/v2\/product"}],"about":[{"href":"https:\/\/wedopcf.com\/wordpress-2\/wp-json\/wp\/v2\/types\/product"}],"replies":[{"embeddable":true,"href":"https:\/\/wedopcf.com\/wordpress-2\/wp-json\/wp\/v2\/comments?post=889"}],"wp:featuredmedia":[{"embeddable":true,"href":"https:\/\/wedopcf.com\/wordpress-2\/wp-json\/wp\/v2\/media\/891"}],"wp:attachment":[{"href":"https:\/\/wedopcf.com\/wordpress-2\/wp-json\/wp\/v2\/media?parent=889"}],"wp:term":[{"taxonomy":"product_cat","embeddable":true,"href":"https:\/\/wedopcf.com\/wordpress-2\/wp-json\/wp\/v2\/product_cat?post=889"},{"taxonomy":"product_tag","embeddable":true,"href":"https:\/\/wedopcf.com\/wordpress-2\/wp-json\/wp\/v2\/product_tag?post=889"}],"curies":[{"name":"wp","href":"https:\/\/api.w.org\/{rel}","templated":true}]}}