{"id":69,"date":"2021-03-16T05:34:38","date_gmt":"2021-03-16T05:34:38","guid":{"rendered":"http:\/\/localhost:8888\/woocommerce\/?post_type=product&#038;p=69"},"modified":"2025-07-19T03:33:41","modified_gmt":"2025-07-19T03:33:41","slug":"etiqueta-alta-tension","status":"publish","type":"product","link":"https:\/\/wedopcf.com\/wordpress-2\/producto\/etiqueta-alta-tension\/","title":{"rendered":"etiqueta alta tensi\u00f3n"},"content":{"rendered":"<p>Etiqueta en vinil en dos colores medida 7.5x22cm<\/p>\n<ul>\n<li>Para vol\u00famenes menores a 50 piezas puede ser elaborada mediante recorte de Vinil para el texto y figuras negras<\/li>\n<li>En vol\u00famenes mayores a 50 piezas se realizara la producci\u00f3n mediante serigraf\u00eda impresa.<\/li>\n<li>Se puede cambiar el color de base a seleccionar por el cliente<\/li>\n<li>El material tiene una duraci\u00f3n de 7 a 10 a\u00f1os a la intemperie.<\/li>\n<\/ul>\n<p>Las recomendaciones para la instalaci\u00f3n de la etiqueta son las siguientes:<\/p>\n<p>Si la superficie no presenta muestras de grasa, favor de limpiar con un pa\u00f1o h\u00famedo, retire un parte del papel trasera y acomode en su posici\u00f3n final, \u00a0pegue una peque\u00f1a secci\u00f3n de la etiqueta la cual ya no se mover\u00e1 y despu\u00e9s retire el papel sobrante para realizar el pegado final.<\/p>\n<p>Si la superficie presenta suciedad y rastros de grasa, limpiar la superficie con alcohol isoprop\u00edlico para una mayor duraci\u00f3n.<\/p>\n","protected":false},"excerpt":{"rendered":"<p>Etiqueta en vinil en dos colores medida 7.5x22cm Para vol\u00famenes menores a 50 piezas puede ser elaborada mediante recorte de Vinil para el texto y figuras negras En vol\u00famenes mayores a 50 piezas se realizara la producci\u00f3n mediante serigraf\u00eda impresa. Se puede cambiar el color de base a seleccionar por el cliente El material tiene &hellip;<\/p>\n<p class=\"read-more\"> <a class=\" thunk-readmore button \" href=\"https:\/\/wedopcf.com\/wordpress-2\/producto\/etiqueta-alta-tension\/\"> <span class=\"screen-reader-text\">etiqueta alta tensi\u00f3n<\/span>Leer m\u00e1s<\/a><\/p>\n","protected":false},"featured_media":467,"comment_status":"open","ping_status":"closed","template":"","meta":[],"product_cat":[91,56],"product_tag":[115,57,58,59],"_links":{"self":[{"href":"https:\/\/wedopcf.com\/wordpress-2\/wp-json\/wp\/v2\/product\/69"}],"collection":[{"href":"https:\/\/wedopcf.com\/wordpress-2\/wp-json\/wp\/v2\/product"}],"about":[{"href":"https:\/\/wedopcf.com\/wordpress-2\/wp-json\/wp\/v2\/types\/product"}],"replies":[{"embeddable":true,"href":"https:\/\/wedopcf.com\/wordpress-2\/wp-json\/wp\/v2\/comments?post=69"}],"wp:featuredmedia":[{"embeddable":true,"href":"https:\/\/wedopcf.com\/wordpress-2\/wp-json\/wp\/v2\/media\/467"}],"wp:attachment":[{"href":"https:\/\/wedopcf.com\/wordpress-2\/wp-json\/wp\/v2\/media?parent=69"}],"wp:term":[{"taxonomy":"product_cat","embeddable":true,"href":"https:\/\/wedopcf.com\/wordpress-2\/wp-json\/wp\/v2\/product_cat?post=69"},{"taxonomy":"product_tag","embeddable":true,"href":"https:\/\/wedopcf.com\/wordpress-2\/wp-json\/wp\/v2\/product_tag?post=69"}],"curies":[{"name":"wp","href":"https:\/\/api.w.org\/{rel}","templated":true}]}}