{"id":487,"date":"2021-06-04T04:18:41","date_gmt":"2021-06-04T04:18:41","guid":{"rendered":"https:\/\/wedopcf.com\/wordpress-2\/?post_type=product&#038;p=487"},"modified":"2021-06-04T04:37:18","modified_gmt":"2021-06-04T04:37:18","slug":"inspeccion-de-valvulas","status":"publish","type":"product","link":"https:\/\/wedopcf.com\/wordpress-2\/producto\/inspeccion-de-valvulas\/","title":{"rendered":"Inspecci\u00f3n de v\u00e1lvulas"},"content":{"rendered":"<p>Etiqueta elaborada a base de estreno cal. 30 blanco con impresi\u00f3n personalizada de 2 a 4 tintas contando con la impresi\u00f3n al reverso.<\/p>\n<ul>\n<li>Medida 11x14cm<\/li>\n<li>100 piezas por orden<\/li>\n<li>Cuenta con perforaci\u00f3n<\/li>\n<li>Impresi\u00f3n frente y vuelta<\/li>\n<li>Personalizable con logotipo a 2 tintas<\/li>\n<li>Las dos tintas son el rejo de frente y el negro de reverso, los colores que se a\u00f1aden son para el frente el cual personaliza el logotipo institucional.<\/li>\n<li>El logotipo se puede agregar a la etiqueta base de dos colores.<\/li>\n<\/ul>\n<p>&nbsp;<\/p>\n","protected":false},"excerpt":{"rendered":"<p>Etiqueta elaborada a base de estreno cal. 30 blanco con impresi\u00f3n personalizada de 2 a 4 tintas contando con la impresi\u00f3n al reverso. Medida 11x14cm 100 piezas por orden Cuenta con perforaci\u00f3n Impresi\u00f3n frente y vuelta Personalizable con logotipo a 2 tintas Las dos tintas son el rejo de frente y el negro de reverso, &hellip;<\/p>\n<p class=\"read-more\"> <a class=\" thunk-readmore button \" href=\"https:\/\/wedopcf.com\/wordpress-2\/producto\/inspeccion-de-valvulas\/\"> <span class=\"screen-reader-text\">Inspecci\u00f3n de v\u00e1lvulas<\/span>Leer m\u00e1s<\/a><\/p>\n","protected":false},"featured_media":500,"comment_status":"open","ping_status":"closed","template":"","meta":[],"product_cat":[91,56],"product_tag":[130,128,129],"_links":{"self":[{"href":"https:\/\/wedopcf.com\/wordpress-2\/wp-json\/wp\/v2\/product\/487"}],"collection":[{"href":"https:\/\/wedopcf.com\/wordpress-2\/wp-json\/wp\/v2\/product"}],"about":[{"href":"https:\/\/wedopcf.com\/wordpress-2\/wp-json\/wp\/v2\/types\/product"}],"replies":[{"embeddable":true,"href":"https:\/\/wedopcf.com\/wordpress-2\/wp-json\/wp\/v2\/comments?post=487"}],"wp:featuredmedia":[{"embeddable":true,"href":"https:\/\/wedopcf.com\/wordpress-2\/wp-json\/wp\/v2\/media\/500"}],"wp:attachment":[{"href":"https:\/\/wedopcf.com\/wordpress-2\/wp-json\/wp\/v2\/media?parent=487"}],"wp:term":[{"taxonomy":"product_cat","embeddable":true,"href":"https:\/\/wedopcf.com\/wordpress-2\/wp-json\/wp\/v2\/product_cat?post=487"},{"taxonomy":"product_tag","embeddable":true,"href":"https:\/\/wedopcf.com\/wordpress-2\/wp-json\/wp\/v2\/product_tag?post=487"}],"curies":[{"name":"wp","href":"https:\/\/api.w.org\/{rel}","templated":true}]}}