{"id":474,"date":"2021-06-04T03:42:05","date_gmt":"2021-06-04T03:42:05","guid":{"rendered":"https:\/\/wedopcf.com\/wordpress-2\/?post_type=product&#038;p=474"},"modified":"2024-01-12T05:16:08","modified_gmt":"2024-01-12T05:16:08","slug":"etiqueta-voz-datos","status":"publish","type":"product","link":"https:\/\/wedopcf.com\/wordpress-2\/producto\/etiqueta-voz-datos\/","title":{"rendered":"Voz y datos"},"content":{"rendered":"<p>Etiqueta en vinil en dos colores medida 20&#215;3.2cm<\/p>\n<p>&nbsp;<\/p>\n<ul>\n<li>Colores disponibles, azul, gris con su texto en contraste blanco y negro respectivamente.<\/li>\n<li>Los colores del material son sujetos a disponibilidad de la marca a usar.<\/li>\n<li>Los colores de los textos o la impresi\u00f3n se puede solicitar a petici\u00f3n del cliente.<\/li>\n<li>Para vol\u00famenes menores a 50 piezas puede ser elaborada mediante recorte de Vinil para el texto y figuras negras<\/li>\n<li>En vol\u00famenes mayores a 50 piezas se realizara la producci\u00f3n mediante serigraf\u00eda impresa.<\/li>\n<li>Se puede cambiar el color de base a seleccionar por el cliente<\/li>\n<li>El material tiene una duraci\u00f3n de 7 a 10 a\u00f1os a la intemperie.<\/li>\n<\/ul>\n<p>Las recomendaciones para la instalaci\u00f3n de la etiqueta son las siguientes:<\/p>\n<p>Si la superficie no presenta muestras de grasa, favor de limpiar con un pa\u00f1o h\u00famedo, retire un parte del papel trasera y acomode en su posici\u00f3n final, \u00a0pegue una peque\u00f1a secci\u00f3n de la etiqueta la cual ya no se mover\u00e1 y despu\u00e9s retire el papel sobrante para realizar el pegado final.<\/p>\n<p>Si la superficie presenta suciedad y rastros de grasa, limpiar la superficie con alcohol isoprop\u00edlico para una mayor duraci\u00f3n.<\/p>\n","protected":false},"excerpt":{"rendered":"<p>Etiqueta en vinil en dos colores medida 20&#215;3.2cm &nbsp; Colores disponibles, azul, gris con su texto en contraste blanco y negro respectivamente. Los colores del material son sujetos a disponibilidad de la marca a usar. Los colores de los textos o la impresi\u00f3n se puede solicitar a petici\u00f3n del cliente. Para vol\u00famenes menores a 50 &hellip;<\/p>\n<p class=\"read-more\"> <a class=\" thunk-readmore button \" href=\"https:\/\/wedopcf.com\/wordpress-2\/producto\/etiqueta-voz-datos\/\"> <span class=\"screen-reader-text\">Voz y datos<\/span>Leer m\u00e1s<\/a><\/p>\n","protected":false},"featured_media":478,"comment_status":"open","ping_status":"closed","template":"","meta":[],"product_cat":[91,56],"product_tag":[124,123,122,57,121,126,125],"_links":{"self":[{"href":"https:\/\/wedopcf.com\/wordpress-2\/wp-json\/wp\/v2\/product\/474"}],"collection":[{"href":"https:\/\/wedopcf.com\/wordpress-2\/wp-json\/wp\/v2\/product"}],"about":[{"href":"https:\/\/wedopcf.com\/wordpress-2\/wp-json\/wp\/v2\/types\/product"}],"replies":[{"embeddable":true,"href":"https:\/\/wedopcf.com\/wordpress-2\/wp-json\/wp\/v2\/comments?post=474"}],"wp:featuredmedia":[{"embeddable":true,"href":"https:\/\/wedopcf.com\/wordpress-2\/wp-json\/wp\/v2\/media\/478"}],"wp:attachment":[{"href":"https:\/\/wedopcf.com\/wordpress-2\/wp-json\/wp\/v2\/media?parent=474"}],"wp:term":[{"taxonomy":"product_cat","embeddable":true,"href":"https:\/\/wedopcf.com\/wordpress-2\/wp-json\/wp\/v2\/product_cat?post=474"},{"taxonomy":"product_tag","embeddable":true,"href":"https:\/\/wedopcf.com\/wordpress-2\/wp-json\/wp\/v2\/product_tag?post=474"}],"curies":[{"name":"wp","href":"https:\/\/api.w.org\/{rel}","templated":true}]}}