{"id":442,"date":"2021-06-03T16:10:06","date_gmt":"2021-06-03T16:10:06","guid":{"rendered":"https:\/\/wedopcf.com\/wordpress-2\/?post_type=product&#038;p=442"},"modified":"2021-06-03T16:24:39","modified_gmt":"2021-06-03T16:24:39","slug":"comandas-t-oficio-autocopiables","status":"publish","type":"product","link":"https:\/\/wedopcf.com\/wordpress-2\/producto\/comandas-t-oficio-autocopiables\/","title":{"rendered":"Comandas  T. Oficio autocopiables"},"content":{"rendered":"<p>Impresi\u00f3n en papel autocopiable en tama\u00f1o oficio con numeraci\u00f3n en hoja original y copias, terminado en blocks<\/p>\n<ul>\n<li>El precio es por millar<\/li>\n<li>Tama\u00f1o Carta 21.5x35cm<\/li>\n<li>Hoja original en color blanco<\/li>\n<li>Copias en colores disponibles: Amarillo, Azul, Verde y Rosa<\/li>\n<li>Impresion desde 1 a 4 tintas<\/li>\n<li>Desde 1 hasta 4 copias<\/li>\n<li>Formaci\u00f3n de Block de 100 hojas totales, dependiendo de numero de copias.<\/li>\n<\/ul>\n<p>Color de folio o numeraci\u00f3n en rojo, tama\u00f1o de numero sin variaci\u00f3n solo 5mm de alto, se puede utilizar el formato &#8220;N\u00ba 0001&#8221; o solo los d\u00edgitos &#8220;0001&#8221; dependiendo de la preferencia del cliente.<\/p>\n","protected":false},"excerpt":{"rendered":"<p>El tama\u00f1o pude variar un poco debido a la limpieza mediante refinado a la periferia.<\/p>\n","protected":false},"featured_media":459,"comment_status":"open","ping_status":"closed","template":"","meta":[],"product_cat":[70,71],"product_tag":[107,108,97,109,96],"_links":{"self":[{"href":"https:\/\/wedopcf.com\/wordpress-2\/wp-json\/wp\/v2\/product\/442"}],"collection":[{"href":"https:\/\/wedopcf.com\/wordpress-2\/wp-json\/wp\/v2\/product"}],"about":[{"href":"https:\/\/wedopcf.com\/wordpress-2\/wp-json\/wp\/v2\/types\/product"}],"replies":[{"embeddable":true,"href":"https:\/\/wedopcf.com\/wordpress-2\/wp-json\/wp\/v2\/comments?post=442"}],"wp:featuredmedia":[{"embeddable":true,"href":"https:\/\/wedopcf.com\/wordpress-2\/wp-json\/wp\/v2\/media\/459"}],"wp:attachment":[{"href":"https:\/\/wedopcf.com\/wordpress-2\/wp-json\/wp\/v2\/media?parent=442"}],"wp:term":[{"taxonomy":"product_cat","embeddable":true,"href":"https:\/\/wedopcf.com\/wordpress-2\/wp-json\/wp\/v2\/product_cat?post=442"},{"taxonomy":"product_tag","embeddable":true,"href":"https:\/\/wedopcf.com\/wordpress-2\/wp-json\/wp\/v2\/product_tag?post=442"}],"curies":[{"name":"wp","href":"https:\/\/api.w.org\/{rel}","templated":true}]}}