{"id":374,"date":"2021-06-03T05:37:55","date_gmt":"2021-06-03T05:37:55","guid":{"rendered":"https:\/\/wedopcf.com\/wordpress-2\/?post_type=product&#038;p=374"},"modified":"2021-06-03T16:29:13","modified_gmt":"2021-06-03T16:29:13","slug":"comandas-autocopiables-1-2-oficio","status":"publish","type":"product","link":"https:\/\/wedopcf.com\/wordpress-2\/producto\/comandas-autocopiables-1-2-oficio\/","title":{"rendered":"Comandas 1\/2 oficio autocopiables"},"content":{"rendered":"<p>Impresi\u00f3n en papel autocopiable en tama\u00f1o media oficio con numeraci\u00f3n en hoja original y copias, terminado en blocks<\/p>\n<ul>\n<li>El precio es por millar<\/li>\n<li>Medida 16.5*11cm<\/li>\n<li>Hoja original en color blanco<\/li>\n<li>Copias en colores disponibles: Amarillo, Azul, Verde y Rosa<\/li>\n<li>Impresion desde 1 a 4 tintas<\/li>\n<li>Desde 1 hasta 4 copias<\/li>\n<li>Formaci\u00f3n de Block de 100 hojas totales, dependiendo de numero de copias.<\/li>\n<\/ul>\n<p>Color de folio o numeraci\u00f3n en rojo, tama\u00f1o de numero sin variaci\u00f3n solo 5mm de alto, se puede utilizar el formato &#8220;N\u00ba 0001&#8221; o solo los d\u00edgitos &#8220;0001&#8221; dependiendo de la preferencia del cliente.<\/p>\n","protected":false},"excerpt":{"rendered":"<p>Impresi\u00f3n en papel autocopiable en tama\u00f1o media oficio con numeraci\u00f3n en hoja original y copias, terminado en blocks El precio es por millar Medida 16.5*11cm Hoja original en color blanco Copias en colores disponibles: Amarillo, Azul, Verde y Rosa Impresion desde 1 a 4 tintas Desde 1 hasta 4 copias Formaci\u00f3n de Block de 100 &hellip;<\/p>\n<p class=\"read-more\"> <a class=\" thunk-readmore button \" href=\"https:\/\/wedopcf.com\/wordpress-2\/producto\/comandas-autocopiables-1-2-oficio\/\"> <span class=\"screen-reader-text\">Comandas 1\/2 oficio autocopiables<\/span>Leer m\u00e1s<\/a><\/p>\n","protected":false},"featured_media":462,"comment_status":"open","ping_status":"closed","template":"","meta":[],"product_cat":[70,71],"product_tag":[107,108,97,109,96],"_links":{"self":[{"href":"https:\/\/wedopcf.com\/wordpress-2\/wp-json\/wp\/v2\/product\/374"}],"collection":[{"href":"https:\/\/wedopcf.com\/wordpress-2\/wp-json\/wp\/v2\/product"}],"about":[{"href":"https:\/\/wedopcf.com\/wordpress-2\/wp-json\/wp\/v2\/types\/product"}],"replies":[{"embeddable":true,"href":"https:\/\/wedopcf.com\/wordpress-2\/wp-json\/wp\/v2\/comments?post=374"}],"wp:featuredmedia":[{"embeddable":true,"href":"https:\/\/wedopcf.com\/wordpress-2\/wp-json\/wp\/v2\/media\/462"}],"wp:attachment":[{"href":"https:\/\/wedopcf.com\/wordpress-2\/wp-json\/wp\/v2\/media?parent=374"}],"wp:term":[{"taxonomy":"product_cat","embeddable":true,"href":"https:\/\/wedopcf.com\/wordpress-2\/wp-json\/wp\/v2\/product_cat?post=374"},{"taxonomy":"product_tag","embeddable":true,"href":"https:\/\/wedopcf.com\/wordpress-2\/wp-json\/wp\/v2\/product_tag?post=374"}],"curies":[{"name":"wp","href":"https:\/\/api.w.org\/{rel}","templated":true}]}}