{"id":312,"date":"2021-06-02T22:49:56","date_gmt":"2021-06-02T22:49:56","guid":{"rendered":"https:\/\/wedopcf.com\/wordpress-2\/?post_type=product&#038;p=312"},"modified":"2021-06-03T05:15:50","modified_gmt":"2021-06-03T05:15:50","slug":"folio-o-numeracion","status":"publish","type":"product","link":"https:\/\/wedopcf.com\/wordpress-2\/producto\/folio-o-numeracion\/","title":{"rendered":"Folio o numeraci\u00f3n"},"content":{"rendered":"<p>A\u00f1adimos una secuencia numerada para mayor control en sus formatos, asegur\u00e1ndonos de que el control sea mas estricto en el uso de cada hoja disminuyendo el desperdicio.<\/p>\n<p>El color de la numeraci\u00f3n es de color rojo intenso en donde podemos imprimir el prefijo &#8220;N\u00ba&#8221; \u00a0mas el n\u00famero con el siguiente formato de 4 d\u00edgitos, &#8220;N\u00ba 0001&#8221; \u00a0o si se prefiere se puede omitir el prefijo dejando solo los 4 d\u00edgitos de la numeraci\u00f3n.<\/p>\n<ul>\n<li>El color es rojo<\/li>\n<li>El precio es por cada 1000 n\u00fameros de folio.<\/li>\n<li>El tama\u00f1o de los n\u00fameros no se pude modificar \u00a05 mm de alto<\/li>\n<\/ul>\n<p>Si se compra en paquete favor de verificar que el numero de millares de impresos sea el mismo de la solicitud de los folios o numeradores<\/p>\n<p>&nbsp;<\/p>\n<p>&nbsp;<\/p>\n<p>&nbsp;<\/p>\n","protected":false},"excerpt":{"rendered":"<p>A\u00f1adimos una secuencia numerada para mayor control en sus formatos, asegur\u00e1ndonos de que el control sea mas estricto en el uso de cada hoja disminuyendo el desperdicio. El color de la numeraci\u00f3n es de color rojo intenso en donde podemos imprimir el prefijo &#8220;N\u00ba&#8221; \u00a0mas el n\u00famero con el siguiente formato de 4 d\u00edgitos, &#8220;N\u00ba &hellip;<\/p>\n<p class=\"read-more\"> <a class=\" thunk-readmore button \" href=\"https:\/\/wedopcf.com\/wordpress-2\/producto\/folio-o-numeracion\/\"> <span class=\"screen-reader-text\">Folio o numeraci\u00f3n<\/span>Leer m\u00e1s<\/a><\/p>\n","protected":false},"featured_media":313,"comment_status":"open","ping_status":"closed","template":"","meta":[],"product_cat":[71,110],"product_tag":[97,96,99,98],"_links":{"self":[{"href":"https:\/\/wedopcf.com\/wordpress-2\/wp-json\/wp\/v2\/product\/312"}],"collection":[{"href":"https:\/\/wedopcf.com\/wordpress-2\/wp-json\/wp\/v2\/product"}],"about":[{"href":"https:\/\/wedopcf.com\/wordpress-2\/wp-json\/wp\/v2\/types\/product"}],"replies":[{"embeddable":true,"href":"https:\/\/wedopcf.com\/wordpress-2\/wp-json\/wp\/v2\/comments?post=312"}],"wp:featuredmedia":[{"embeddable":true,"href":"https:\/\/wedopcf.com\/wordpress-2\/wp-json\/wp\/v2\/media\/313"}],"wp:attachment":[{"href":"https:\/\/wedopcf.com\/wordpress-2\/wp-json\/wp\/v2\/media?parent=312"}],"wp:term":[{"taxonomy":"product_cat","embeddable":true,"href":"https:\/\/wedopcf.com\/wordpress-2\/wp-json\/wp\/v2\/product_cat?post=312"},{"taxonomy":"product_tag","embeddable":true,"href":"https:\/\/wedopcf.com\/wordpress-2\/wp-json\/wp\/v2\/product_tag?post=312"}],"curies":[{"name":"wp","href":"https:\/\/api.w.org\/{rel}","templated":true}]}}