{"id":209,"date":"2021-03-24T10:16:50","date_gmt":"2021-03-24T16:16:50","guid":{"rendered":"http:\/\/localhost:8888\/woocommerce\/?post_type=product&#038;p=209"},"modified":"2026-04-02T14:29:47","modified_gmt":"2026-04-02T14:29:47","slug":"formatos-de-control-1-tinta","status":"publish","type":"product","link":"https:\/\/wedopcf.com\/wordpress-2\/producto\/formatos-de-control-1-tinta\/","title":{"rendered":"Formatos de control \/ hoja membretada"},"content":{"rendered":"<p>Impresi\u00f3n solo frente de formatos de control u hojas membreteadas en papel Bond 75gr. terminados en blocks (opcional), \u00a0de 1 tinta hasta 4 colores o selecci\u00f3n a color (cmyk)<\/p>\n<ul>\n<li>Precio por millar<\/li>\n<li>Impresion a 1 tinta o a seleccionar<\/li>\n<li>Impresiones de textos, recuadros o im\u00e1genes<\/li>\n<\/ul>\n<p>Se utilizan para formas de control interno en empresas con ISO9000, para control de inventarios, de producci\u00f3n, reportes de mantenimiento etc.<\/p>\n<p>Si se requiere con numeraci\u00f3n o alg\u00fan tal\u00f3n de corte favor de anexar el complemento de folio y\/ corte respectivamente<\/p>\n<p>&nbsp;<\/p>\n","protected":false},"excerpt":{"rendered":"<p>Impresi\u00f3n solo frente de formatos de control u hojas membreteadas en papel Bond 75gr. terminados en blocks (opcional), \u00a0de 1 tinta hasta 4 colores o selecci\u00f3n a color (cmyk) Precio por millar Impresion a 1 tinta o a seleccionar Impresiones de textos, recuadros o im\u00e1genes Se utilizan para formas de control interno en empresas con &hellip;<\/p>\n<p class=\"read-more\"> <a class=\" thunk-readmore button \" href=\"https:\/\/wedopcf.com\/wordpress-2\/producto\/formatos-de-control-1-tinta\/\"> <span class=\"screen-reader-text\">Formatos de control \/ hoja membretada<\/span>Leer m\u00e1s<\/a><\/p>\n","protected":false},"featured_media":465,"comment_status":"open","ping_status":"closed","template":"","meta":[],"product_cat":[78,71],"product_tag":[105,103,100,102,101,106,104],"_links":{"self":[{"href":"https:\/\/wedopcf.com\/wordpress-2\/wp-json\/wp\/v2\/product\/209"}],"collection":[{"href":"https:\/\/wedopcf.com\/wordpress-2\/wp-json\/wp\/v2\/product"}],"about":[{"href":"https:\/\/wedopcf.com\/wordpress-2\/wp-json\/wp\/v2\/types\/product"}],"replies":[{"embeddable":true,"href":"https:\/\/wedopcf.com\/wordpress-2\/wp-json\/wp\/v2\/comments?post=209"}],"wp:featuredmedia":[{"embeddable":true,"href":"https:\/\/wedopcf.com\/wordpress-2\/wp-json\/wp\/v2\/media\/465"}],"wp:attachment":[{"href":"https:\/\/wedopcf.com\/wordpress-2\/wp-json\/wp\/v2\/media?parent=209"}],"wp:term":[{"taxonomy":"product_cat","embeddable":true,"href":"https:\/\/wedopcf.com\/wordpress-2\/wp-json\/wp\/v2\/product_cat?post=209"},{"taxonomy":"product_tag","embeddable":true,"href":"https:\/\/wedopcf.com\/wordpress-2\/wp-json\/wp\/v2\/product_tag?post=209"}],"curies":[{"name":"wp","href":"https:\/\/api.w.org\/{rel}","templated":true}]}}