{"id":1797,"date":"2026-03-13T19:21:58","date_gmt":"2026-03-13T19:21:58","guid":{"rendered":"https:\/\/wedopcf.com\/wordpress-2\/?post_type=product&#038;p=1797"},"modified":"2026-03-14T03:30:20","modified_gmt":"2026-03-14T03:30:20","slug":"grabado-metal-laser-fibra","status":"publish","type":"product","link":"https:\/\/wedopcf.com\/wordpress-2\/producto\/grabado-metal-laser-fibra\/","title":{"rendered":"Grabado Metal laser fibra"},"content":{"rendered":"<p style=\"text-align: center;\">Nuestro servicio de grabado en metales de laser de fibra, se ofrecen soluciones de primera clase para personalizar y dar forma a una amplia gama de materiales. Como expertos garantizamos resultados precisos y de alta calidad en cada proyecto. Ya sea que necesite grabar dise\u00f1os detallados o realizar cortes complejos, nuestros equipos altamente capacitados est\u00e1n listos para cumplir con sus requisitos con profesionalismo y compromiso. Conf\u00ede en nosotros para obtener un servicio excepcional y los mejores resultados en sus proyectos de grabado y corte. \u00a1Estamos ansiosos por hacer realidad sus ideas creativas y necesidades comerciales<img loading=\"lazy\" decoding=\"async\" class=\"alignnone wp-image-1304\" src=\"http:\/\/wedopcf.com\/wordpress-2\/wp-content\/uploads\/2023\/08\/grabado-y-corte-laser-300x194.png\" alt=\"\" width=\"404\" height=\"261\" srcset=\"https:\/\/wedopcf.com\/wordpress-2\/wp-content\/uploads\/2023\/08\/grabado-y-corte-laser-300x194.png 300w, https:\/\/wedopcf.com\/wordpress-2\/wp-content\/uploads\/2023\/08\/grabado-y-corte-laser-48x31.png 48w, https:\/\/wedopcf.com\/wordpress-2\/wp-content\/uploads\/2023\/08\/grabado-y-corte-laser.png 482w\" sizes=\"(max-width: 404px) 100vw, 404px\" \/><\/p>\n<p>&nbsp;<\/p>\n","protected":false},"excerpt":{"rendered":"<p>Nuestro equipo altamente capacitado y experimentado en el manejo de l\u00e1seres de fibra est\u00e1 preparado para brindar soluciones personalizadas y de alta calidad para sus proyectos de grabado y corte. Si desea m\u00e1s informaci\u00f3n o cotizar un trabajo espec\u00edfico, no dude en contactarnos. Estamos comprometidos a proporcionar resultados excepcionales y satisfacer las necesidades de nuestros clientes.<\/p>\n<p>Area mexica de corte y grabado 17x<17x15\n\nCon eje rotativo para vasos o termos.\n\nPrecio por minuto en grabado y corte\n\n&nbsp;\n\n&nbsp;\n<\/p>\n","protected":false},"featured_media":1798,"comment_status":"open","ping_status":"closed","template":"","meta":[],"product_cat":[307],"product_tag":[311,213,315,266,308,339,267,265,392,309,310,314,312,313],"_links":{"self":[{"href":"https:\/\/wedopcf.com\/wordpress-2\/wp-json\/wp\/v2\/product\/1797"}],"collection":[{"href":"https:\/\/wedopcf.com\/wordpress-2\/wp-json\/wp\/v2\/product"}],"about":[{"href":"https:\/\/wedopcf.com\/wordpress-2\/wp-json\/wp\/v2\/types\/product"}],"replies":[{"embeddable":true,"href":"https:\/\/wedopcf.com\/wordpress-2\/wp-json\/wp\/v2\/comments?post=1797"}],"wp:featuredmedia":[{"embeddable":true,"href":"https:\/\/wedopcf.com\/wordpress-2\/wp-json\/wp\/v2\/media\/1798"}],"wp:attachment":[{"href":"https:\/\/wedopcf.com\/wordpress-2\/wp-json\/wp\/v2\/media?parent=1797"}],"wp:term":[{"taxonomy":"product_cat","embeddable":true,"href":"https:\/\/wedopcf.com\/wordpress-2\/wp-json\/wp\/v2\/product_cat?post=1797"},{"taxonomy":"product_tag","embeddable":true,"href":"https:\/\/wedopcf.com\/wordpress-2\/wp-json\/wp\/v2\/product_tag?post=1797"}],"curies":[{"name":"wp","href":"https:\/\/api.w.org\/{rel}","templated":true}]}}