{"id":1554,"date":"2024-10-20T02:23:53","date_gmt":"2024-10-20T02:23:53","guid":{"rendered":"https:\/\/wedopcf.com\/wordpress-2\/?post_type=product&#038;p=1554"},"modified":"2025-02-12T19:21:11","modified_gmt":"2025-02-12T19:21:11","slug":"hidrante","status":"publish","type":"product","link":"https:\/\/wedopcf.com\/wordpress-2\/producto\/hidrante\/","title":{"rendered":"Hidrante"},"content":{"rendered":"<p style=\"text-align: left;\">Se\u00f1al\u00e9tica en trovicel de 3 mm con recorte de vinil en 1 o 3 colores 30&#215;30 cm<\/p>\n<p>Pictograma<\/p>\n<p>Hidrante<\/p>\n","protected":false},"excerpt":{"rendered":"<p>Letrero en Trovicel de 3 mm con Recorte de Vinil<\/p>\n<p>Este letrero est\u00e1 fabricado en Trovicel de 3 mm, un material ligero y resistente, ideal para interiores y exteriores. La superficie del Trovicel est\u00e1 recubierta con vinil de alta calidad, cortado con precisi\u00f3n para asegurar acabados n\u00edtidos y duraderos. Perfecto para se\u00f1alizaci\u00f3n, decoraci\u00f3n de espacios comerciales, eventos o personalizaci\u00f3n de marcas. Disponible en diferentes tama\u00f1os y colores seg\u00fan tus necesidades.<\/p>\n","protected":false},"featured_media":1555,"comment_status":"open","ping_status":"closed","template":"","meta":[],"product_cat":[185],"product_tag":[381,390,387,219,391,385,224,57,243,371,58],"_links":{"self":[{"href":"https:\/\/wedopcf.com\/wordpress-2\/wp-json\/wp\/v2\/product\/1554"}],"collection":[{"href":"https:\/\/wedopcf.com\/wordpress-2\/wp-json\/wp\/v2\/product"}],"about":[{"href":"https:\/\/wedopcf.com\/wordpress-2\/wp-json\/wp\/v2\/types\/product"}],"replies":[{"embeddable":true,"href":"https:\/\/wedopcf.com\/wordpress-2\/wp-json\/wp\/v2\/comments?post=1554"}],"wp:featuredmedia":[{"embeddable":true,"href":"https:\/\/wedopcf.com\/wordpress-2\/wp-json\/wp\/v2\/media\/1555"}],"wp:attachment":[{"href":"https:\/\/wedopcf.com\/wordpress-2\/wp-json\/wp\/v2\/media?parent=1554"}],"wp:term":[{"taxonomy":"product_cat","embeddable":true,"href":"https:\/\/wedopcf.com\/wordpress-2\/wp-json\/wp\/v2\/product_cat?post=1554"},{"taxonomy":"product_tag","embeddable":true,"href":"https:\/\/wedopcf.com\/wordpress-2\/wp-json\/wp\/v2\/product_tag?post=1554"}],"curies":[{"name":"wp","href":"https:\/\/api.w.org\/{rel}","templated":true}]}}