{"id":1544,"date":"2024-10-20T01:53:49","date_gmt":"2024-10-20T01:53:49","guid":{"rendered":"https:\/\/wedopcf.com\/wordpress-2\/?post_type=product&#038;p=1544"},"modified":"2025-10-04T04:36:49","modified_gmt":"2025-10-04T04:36:49","slug":"kit-control-derrames","status":"publish","type":"product","link":"https:\/\/wedopcf.com\/wordpress-2\/producto\/kit-control-derrames\/","title":{"rendered":"Kit control derrames"},"content":{"rendered":"<p>Se\u00f1al\u00e9tica en trovicel de 3 mm con recorte de vinil en 1 o 3 colores<\/p>\n<p>Pictograma<\/p>\n<p>Kit control de derrames<\/p>\n","protected":false},"excerpt":{"rendered":"<p>&nbsp;<\/p>\n<p>Letrero en Trovicel de 3 mm con Recorte de Vinil<\/p>\n<p>Este letrero est\u00e1 fabricado en Trovicel de 3 mm, un material ligero y resistente, ideal para interiores y exteriores. La superficie del Trovicel est\u00e1 recubierta con vinil de alta calidad, cortado con precisi\u00f3n para asegurar acabados n\u00edtidos y duraderos. Perfecto para se\u00f1alizaci\u00f3n, decoraci\u00f3n de espacios comerciales, eventos o personalizaci\u00f3n de marcas. Disponible en diferentes tama\u00f1os y colores seg\u00fan tus necesidades.<\/p>\n","protected":false},"featured_media":1545,"comment_status":"open","ping_status":"closed","template":"","meta":[],"product_cat":[185],"product_tag":[386,383,384,385,224,57,243,371,58],"_links":{"self":[{"href":"https:\/\/wedopcf.com\/wordpress-2\/wp-json\/wp\/v2\/product\/1544"}],"collection":[{"href":"https:\/\/wedopcf.com\/wordpress-2\/wp-json\/wp\/v2\/product"}],"about":[{"href":"https:\/\/wedopcf.com\/wordpress-2\/wp-json\/wp\/v2\/types\/product"}],"replies":[{"embeddable":true,"href":"https:\/\/wedopcf.com\/wordpress-2\/wp-json\/wp\/v2\/comments?post=1544"}],"wp:featuredmedia":[{"embeddable":true,"href":"https:\/\/wedopcf.com\/wordpress-2\/wp-json\/wp\/v2\/media\/1545"}],"wp:attachment":[{"href":"https:\/\/wedopcf.com\/wordpress-2\/wp-json\/wp\/v2\/media?parent=1544"}],"wp:term":[{"taxonomy":"product_cat","embeddable":true,"href":"https:\/\/wedopcf.com\/wordpress-2\/wp-json\/wp\/v2\/product_cat?post=1544"},{"taxonomy":"product_tag","embeddable":true,"href":"https:\/\/wedopcf.com\/wordpress-2\/wp-json\/wp\/v2\/product_tag?post=1544"}],"curies":[{"name":"wp","href":"https:\/\/api.w.org\/{rel}","templated":true}]}}