{"id":1525,"date":"2024-10-20T00:32:24","date_gmt":"2024-10-20T00:32:24","guid":{"rendered":"https:\/\/wedopcf.com\/wordpress-2\/?post_type=product&#038;p=1525"},"modified":"2024-10-20T00:36:53","modified_gmt":"2024-10-20T00:36:53","slug":"riego-electrico","status":"publish","type":"product","link":"https:\/\/wedopcf.com\/wordpress-2\/producto\/riego-electrico\/","title":{"rendered":"Riesgo El\u00e9ctrico"},"content":{"rendered":"<p>Se\u00f1aletica en trovicel de 3 mm con recorte de vinil en 1 o 3 colores<\/p>\n<p>Pictograma<\/p>\n<p>Riesgo Electrico<\/p>\n","protected":false},"excerpt":{"rendered":"<p>&nbsp;<\/p>\n<p>Letrero en Trovicel de 3 mm con Recorte de Vinil<\/p>\n<p>Este letrero est\u00e1 fabricado en Trovicel de 3 mm, un material ligero y resistente, ideal para interiores y exteriores. La superficie del Trovicel est\u00e1 recubierta con vinil de alta calidad, cortado con precisi\u00f3n para asegurar acabados n\u00edtidos y duraderos. Perfecto para se\u00f1alizaci\u00f3n, decoraci\u00f3n de espacios comerciales, eventos o personalizaci\u00f3n de marcas. Disponible en diferentes tama\u00f1os y colores seg\u00fan tus necesidades.<\/p>\n","protected":false},"featured_media":1527,"comment_status":"open","ping_status":"closed","template":"","meta":[],"product_cat":[185],"product_tag":[224,57,260,243,371,58],"_links":{"self":[{"href":"https:\/\/wedopcf.com\/wordpress-2\/wp-json\/wp\/v2\/product\/1525"}],"collection":[{"href":"https:\/\/wedopcf.com\/wordpress-2\/wp-json\/wp\/v2\/product"}],"about":[{"href":"https:\/\/wedopcf.com\/wordpress-2\/wp-json\/wp\/v2\/types\/product"}],"replies":[{"embeddable":true,"href":"https:\/\/wedopcf.com\/wordpress-2\/wp-json\/wp\/v2\/comments?post=1525"}],"wp:featuredmedia":[{"embeddable":true,"href":"https:\/\/wedopcf.com\/wordpress-2\/wp-json\/wp\/v2\/media\/1527"}],"wp:attachment":[{"href":"https:\/\/wedopcf.com\/wordpress-2\/wp-json\/wp\/v2\/media?parent=1525"}],"wp:term":[{"taxonomy":"product_cat","embeddable":true,"href":"https:\/\/wedopcf.com\/wordpress-2\/wp-json\/wp\/v2\/product_cat?post=1525"},{"taxonomy":"product_tag","embeddable":true,"href":"https:\/\/wedopcf.com\/wordpress-2\/wp-json\/wp\/v2\/product_tag?post=1525"}],"curies":[{"name":"wp","href":"https:\/\/api.w.org\/{rel}","templated":true}]}}