{"id":1520,"date":"2024-10-19T01:20:59","date_gmt":"2024-10-19T01:20:59","guid":{"rendered":"https:\/\/wedopcf.com\/wordpress-2\/?post_type=product&#038;p=1520"},"modified":"2024-10-19T01:26:37","modified_gmt":"2024-10-19T01:26:37","slug":"lamina-laserglow-de-rowmark","status":"publish","type":"product","link":"https:\/\/wedopcf.com\/wordpress-2\/producto\/lamina-laserglow-de-rowmark\/","title":{"rendered":"L\u00e1mina LaserGlow de Rowmark"},"content":{"rendered":"<p>Producto de brillo de <a href=\"https:\/\/www.framuntechno.com\/planchas-bicapa-rowmark\/\">Rowmark<\/a>, especialmente dise\u00f1ado para superar los est\u00e1ndares fotoluminiscentes establecidos por muchos municipios y organizaciones. Un sustrato de pl\u00e1stico flexible no radiactivo, es la opci\u00f3n ideal para se\u00f1alizaci\u00f3n de salida, emergencia y orientaci\u00f3n. Medida plancha: 400x613mm. Grosores disponibles: 1\/16&#8243;<\/p>\n<div class=\"page\" title=\"Page 1\">\n<div class=\"section\">\n<div class=\"layoutArea\">\n<div class=\"column\">\n<p><img loading=\"lazy\" decoding=\"async\" class=\"alignnone size-medium wp-image-1513\" src=\"http:\/\/wedopcf.com\/wordpress-2\/wp-content\/uploads\/2024\/10\/detalles-laser-glow-300x121.png\" alt=\"\" width=\"300\" height=\"121\" srcset=\"https:\/\/wedopcf.com\/wordpress-2\/wp-content\/uploads\/2024\/10\/detalles-laser-glow-300x121.png 300w, https:\/\/wedopcf.com\/wordpress-2\/wp-content\/uploads\/2024\/10\/detalles-laser-glow-1024x412.png 1024w, https:\/\/wedopcf.com\/wordpress-2\/wp-content\/uploads\/2024\/10\/detalles-laser-glow-768x309.png 768w, https:\/\/wedopcf.com\/wordpress-2\/wp-content\/uploads\/2024\/10\/detalles-laser-glow-600x242.png 600w, https:\/\/wedopcf.com\/wordpress-2\/wp-content\/uploads\/2024\/10\/detalles-laser-glow-48x19.png 48w, https:\/\/wedopcf.com\/wordpress-2\/wp-content\/uploads\/2024\/10\/detalles-laser-glow.png 1212w\" sizes=\"(max-width: 300px) 100vw, 300px\" \/><\/p>\n<\/div>\n<\/div>\n<\/div>\n<\/div>\n","protected":false},"excerpt":{"rendered":"<p>Laserglow de rowmark fotoluminescente de 1\/16 de espesor<\/p>\n<div class=\"page\" title=\"Page 1\">\n<div class=\"section\">\n<div class=\"layoutArea\">\n<div class=\"column\">\n<p>Planchas de acri\u0301lico impactado modificado para aplicaciones, rotulacio\u0301n ta\u0301ctil, grabado frontal o reverso. Para grabado y corte con la\u0301ser CO2.<\/p>\n<\/div>\n<\/div>\n<\/div>\n<\/div>\n","protected":false},"featured_media":1521,"comment_status":"open","ping_status":"closed","template":"","meta":[],"product_cat":[185],"product_tag":[221,220,211,212],"_links":{"self":[{"href":"https:\/\/wedopcf.com\/wordpress-2\/wp-json\/wp\/v2\/product\/1520"}],"collection":[{"href":"https:\/\/wedopcf.com\/wordpress-2\/wp-json\/wp\/v2\/product"}],"about":[{"href":"https:\/\/wedopcf.com\/wordpress-2\/wp-json\/wp\/v2\/types\/product"}],"replies":[{"embeddable":true,"href":"https:\/\/wedopcf.com\/wordpress-2\/wp-json\/wp\/v2\/comments?post=1520"}],"wp:featuredmedia":[{"embeddable":true,"href":"https:\/\/wedopcf.com\/wordpress-2\/wp-json\/wp\/v2\/media\/1521"}],"wp:attachment":[{"href":"https:\/\/wedopcf.com\/wordpress-2\/wp-json\/wp\/v2\/media?parent=1520"}],"wp:term":[{"taxonomy":"product_cat","embeddable":true,"href":"https:\/\/wedopcf.com\/wordpress-2\/wp-json\/wp\/v2\/product_cat?post=1520"},{"taxonomy":"product_tag","embeddable":true,"href":"https:\/\/wedopcf.com\/wordpress-2\/wp-json\/wp\/v2\/product_tag?post=1520"}],"curies":[{"name":"wp","href":"https:\/\/api.w.org\/{rel}","templated":true}]}}