{"id":1433,"date":"2024-05-08T20:18:35","date_gmt":"2024-05-08T20:18:35","guid":{"rendered":"https:\/\/wedopcf.com\/wordpress-2\/?post_type=product&#038;p=1433"},"modified":"2024-05-08T20:26:54","modified_gmt":"2024-05-08T20:26:54","slug":"precaucion-arranque","status":"publish","type":"product","link":"https:\/\/wedopcf.com\/wordpress-2\/producto\/precaucion-arranque\/","title":{"rendered":"PRECAUCION ARRANQUE"},"content":{"rendered":"<p>Etiquetas impresas en vinil adheridle blanco con 2 tintas amarilla y negro en serigraf\u00eda para la identificaci\u00f3n de peligro potencial de riesgo ante en arranque at\u00f3mica de la maquinaria instalada \u00a0en medida 25&#215;10 cm<\/p>\n<p>La etiqueta es apta para exterior e interiores<\/p>\n<p>&nbsp;<\/p>\n<p>&nbsp;<\/p>\n<p>&nbsp;<\/p>\n","protected":false},"excerpt":{"rendered":"<p>Vinil con impresi\u00f3n en serigraf\u00eda a 2 tintas<\/p>\n<p>Se puede reproducir cualquier texto y color necesario<\/p>\n<p>Se vende desde una pieza<\/p>\n<p>Medidas 25x10cm<\/p>\n","protected":false},"featured_media":1439,"comment_status":"open","ping_status":"closed","template":"","meta":[],"product_cat":[91,56],"product_tag":[343,344,132,197,342,327,121,248],"_links":{"self":[{"href":"https:\/\/wedopcf.com\/wordpress-2\/wp-json\/wp\/v2\/product\/1433"}],"collection":[{"href":"https:\/\/wedopcf.com\/wordpress-2\/wp-json\/wp\/v2\/product"}],"about":[{"href":"https:\/\/wedopcf.com\/wordpress-2\/wp-json\/wp\/v2\/types\/product"}],"replies":[{"embeddable":true,"href":"https:\/\/wedopcf.com\/wordpress-2\/wp-json\/wp\/v2\/comments?post=1433"}],"wp:featuredmedia":[{"embeddable":true,"href":"https:\/\/wedopcf.com\/wordpress-2\/wp-json\/wp\/v2\/media\/1439"}],"wp:attachment":[{"href":"https:\/\/wedopcf.com\/wordpress-2\/wp-json\/wp\/v2\/media?parent=1433"}],"wp:term":[{"taxonomy":"product_cat","embeddable":true,"href":"https:\/\/wedopcf.com\/wordpress-2\/wp-json\/wp\/v2\/product_cat?post=1433"},{"taxonomy":"product_tag","embeddable":true,"href":"https:\/\/wedopcf.com\/wordpress-2\/wp-json\/wp\/v2\/product_tag?post=1433"}],"curies":[{"name":"wp","href":"https:\/\/api.w.org\/{rel}","templated":true}]}}