{"id":1396,"date":"2024-01-12T04:23:03","date_gmt":"2024-01-12T04:23:03","guid":{"rendered":"https:\/\/wedopcf.com\/wordpress-2\/?post_type=product&#038;p=1396"},"modified":"2024-01-12T04:43:39","modified_gmt":"2024-01-12T04:43:39","slug":"peligro-riesgo-electrico","status":"publish","type":"product","link":"https:\/\/wedopcf.com\/wordpress-2\/producto\/peligro-riesgo-electrico\/","title":{"rendered":"Peligro Riesgo el\u00e9ctrico"},"content":{"rendered":"<p>Etiquetas impresas en vinil adheridle blanco con 3 tintas amarilla, roja y negro en serigraf\u00eda para la identificaci\u00f3n de peligro potencial de riesgo de choque el\u00e9ctrico en presentaciones de:<\/p>\n<p>13,800 v<\/p>\n<p>440\/227 V<\/p>\n<p>220\/127V<\/p>\n<p>127V<\/p>\n<p>La etiqueta es apta para exterior e interiores<\/p>\n<p>&nbsp;<\/p>\n<p>&nbsp;<\/p>\n<p>&nbsp;<\/p>\n","protected":false},"excerpt":{"rendered":"<p>Vinil con impresi\u00f3n en serigraf\u00eda a 3 tintas<\/p>\n<p>Se puede reproducir cualquier texto y color necesario<\/p>\n<p>Se vende desde una pieza<\/p>\n<p>Medidas 9x15cm<\/p>\n","protected":false},"featured_media":1403,"comment_status":"open","ping_status":"closed","template":"","meta":[],"product_cat":[91,56],"product_tag":[332,328,331,330,329,261,262,195,132,197,137,327,260,121,248],"_links":{"self":[{"href":"https:\/\/wedopcf.com\/wordpress-2\/wp-json\/wp\/v2\/product\/1396"}],"collection":[{"href":"https:\/\/wedopcf.com\/wordpress-2\/wp-json\/wp\/v2\/product"}],"about":[{"href":"https:\/\/wedopcf.com\/wordpress-2\/wp-json\/wp\/v2\/types\/product"}],"replies":[{"embeddable":true,"href":"https:\/\/wedopcf.com\/wordpress-2\/wp-json\/wp\/v2\/comments?post=1396"}],"wp:featuredmedia":[{"embeddable":true,"href":"https:\/\/wedopcf.com\/wordpress-2\/wp-json\/wp\/v2\/media\/1403"}],"wp:attachment":[{"href":"https:\/\/wedopcf.com\/wordpress-2\/wp-json\/wp\/v2\/media?parent=1396"}],"wp:term":[{"taxonomy":"product_cat","embeddable":true,"href":"https:\/\/wedopcf.com\/wordpress-2\/wp-json\/wp\/v2\/product_cat?post=1396"},{"taxonomy":"product_tag","embeddable":true,"href":"https:\/\/wedopcf.com\/wordpress-2\/wp-json\/wp\/v2\/product_tag?post=1396"}],"curies":[{"name":"wp","href":"https:\/\/api.w.org\/{rel}","templated":true}]}}