{"id":1120,"date":"2023-07-26T18:28:30","date_gmt":"2023-07-26T18:28:30","guid":{"rendered":"https:\/\/wedopcf.com\/wordpress-2\/?post_type=product&#038;p=1120"},"modified":"2024-10-18T03:07:56","modified_gmt":"2024-10-18T03:07:56","slug":"etiqueta-tuberia-circundante","status":"publish","type":"product","link":"https:\/\/wedopcf.com\/wordpress-2\/producto\/etiqueta-tuberia-circundante\/","title":{"rendered":"Etiqueta tuber\u00eda Circundante"},"content":{"rendered":"<p>Etiqueta de Vinil impresa mediante serigraf\u00eda para tuber\u00eda, en dimensiones de acuerdo a la norma oficial mexicana \u00a0NOM-026<\/p>\n<p>Nuestras etiquetas son fabricadas de a cuerdo a dos caracter\u00edsticas principales para nuestros clientes, una de ellas es la personalizaci\u00f3n o formatos existentes \u00a0y la segunda es el no ser necesario comprar rollos no muy estandarizados de acuerdo al di\u00e1metro de la tuber\u00eda ni a la altura del texto evitando desperdicios de material el cual se deja en bodega sin usar.<\/p>\n<p>resentada en diferentes tama\u00f1os con flecha de direcci\u00f3n de flujo y s\u00edmbolo de peligrosidad cuando aplique.<\/p>\n<p>Caracter\u00edsticas<\/p>\n<ul>\n<li>Material de vinil adherible de 5 a7 a\u00f1os de duraci\u00f3n.<\/li>\n<li>Tama\u00f1o especifico para di\u00e1metro de tuber\u00eda solicitado tanto en longitud de etiqueta como en las caracter\u00edsticas del texto.<\/li>\n<li>Colores seg\u00fan la NOM-026<\/li>\n<li>Impresi\u00f3n en blanco para etiqueta verde y negra para etiqueta amarilla.<\/li>\n<li>Personalizable con leyendas mas extendidas.<\/li>\n<li>NO hay compra minima<\/li>\n<li>Solicita la cantidad exacta \u00a0que necesitas.<\/li>\n<\/ul>\n<p>&nbsp;<\/p>\n<p>Si no encuentra la leyenda o di\u00e1metro que necesite, cont\u00e1ctenos y le brindaremos la soluci\u00f3n adecuada.<\/p>\n<p>&nbsp;<\/p>\n<p>&nbsp;<\/p>\n<p>&nbsp;<\/p>\n","protected":false},"excerpt":{"rendered":"<p>Etiquetas que cubren la periferia del tubo para una vista en cualquier \u00e1ngulo<\/p>\n<p>lleva 5mm de empate para aumentar la vida \u00fatil del material.<\/p>\n<p>Al realizar tu compra en comentarios pide la elaboraci\u00f3n de tus dise\u00f1os y selecci\u00f3n de colores .<\/p>\n<p>Las medidas aproximadas son:<\/p>\n<p>Di\u00e1metros \u00a0\/Medida<\/p>\n<p>1&#8243; \u00a0 \u00a0 \u00a0 \u00a0 \u00a0 \u00a0 \u00a0 \u00a0 \u00a08x10cm<\/p>\n<p>1 1\/2&#8243; \u00a0 \u00a0 \u00a0 \u00a0 \u00a0 12x20cm<\/p>\n<p>2. \u00a0 \u00a0 \u00a0 \u00a0 \u00a0 \u00a0 \u00a0 \u00a0 \u00a016x20cm<\/p>\n<p>2 1\/2&#8243; \u00a0 \u00a0 \u00a0 \u00a0 \u00a0 18x30cm<\/p>\n<p>3&#8243; \u00a0 \u00a0 \u00a0 \u00a0 \u00a0 \u00a0 \u00a0 \u00a0 \u00a024x30cm<\/p>\n<p>4&#8243; \u00a0 \u00a0 \u00a0 \u00a0 \u00a0 \u00a0 \u00a0 \u00a0 \u00a032x30cm<\/p>\n<p>6&#8243; \u00a0 \u00a0 \u00a0 \u00a0 \u00a0 \u00a0 \u00a0 \u00a0 48x60cm<\/p>\n<p>8&#8243; \u00a0 \u00a0 \u00a0 \u00a0 \u00a0 \u00a0 \u00a0 \u00a0 64x60cm<\/p>\n<p>10&#8243; \u00a0 \u00a0 \u00a0 \u00a0 \u00a0 \u00a0 \u00a0 80x60cm<\/p>\n<p>12&#8243; \u00a0 \u00a0 \u00a0 \u00a0 \u00a0 \u00a0 \u00a0 96x80cm<\/p>\n","protected":false},"featured_media":1106,"comment_status":"open","ping_status":"closed","template":"","meta":[],"product_cat":[91,40],"product_tag":[161,148,166,153,158,157,154,165,163,130,293,159,160,169,164,152,149,162,151,147,292,155,150,156],"_links":{"self":[{"href":"https:\/\/wedopcf.com\/wordpress-2\/wp-json\/wp\/v2\/product\/1120"}],"collection":[{"href":"https:\/\/wedopcf.com\/wordpress-2\/wp-json\/wp\/v2\/product"}],"about":[{"href":"https:\/\/wedopcf.com\/wordpress-2\/wp-json\/wp\/v2\/types\/product"}],"replies":[{"embeddable":true,"href":"https:\/\/wedopcf.com\/wordpress-2\/wp-json\/wp\/v2\/comments?post=1120"}],"wp:featuredmedia":[{"embeddable":true,"href":"https:\/\/wedopcf.com\/wordpress-2\/wp-json\/wp\/v2\/media\/1106"}],"wp:attachment":[{"href":"https:\/\/wedopcf.com\/wordpress-2\/wp-json\/wp\/v2\/media?parent=1120"}],"wp:term":[{"taxonomy":"product_cat","embeddable":true,"href":"https:\/\/wedopcf.com\/wordpress-2\/wp-json\/wp\/v2\/product_cat?post=1120"},{"taxonomy":"product_tag","embeddable":true,"href":"https:\/\/wedopcf.com\/wordpress-2\/wp-json\/wp\/v2\/product_tag?post=1120"}],"curies":[{"name":"wp","href":"https:\/\/api.w.org\/{rel}","templated":true}]}}