{"id":1026,"date":"2023-04-18T06:30:01","date_gmt":"2023-04-18T06:30:01","guid":{"rendered":"https:\/\/wedopcf.com\/wordpress-2\/?post_type=product&#038;p=1026"},"modified":"2024-10-18T19:31:48","modified_gmt":"2024-10-18T19:31:48","slug":"impresion-en-tela-o-canvas-para-cuadros","status":"publish","type":"product","link":"https:\/\/wedopcf.com\/wordpress-2\/producto\/impresion-en-tela-o-canvas-para-cuadros\/","title":{"rendered":"impresion en tela o canvas para cuadros"},"content":{"rendered":"<p>\u00bfEst\u00e1s buscando una forma \u00fanica de mostrar tus im\u00e1genes favoritas o promocionar tu negocio de manera impactante? Nuestra impresi\u00f3n en tela tipo canvas en alta resoluci\u00f3n con calidad fotogr\u00e1fica es la soluci\u00f3n perfecta.<\/p>\n<p>Nuestro proceso de impresi\u00f3n en tela tipo canvas es uno de los m\u00e1s avanzados en la industria. Utilizamos la \u00faltima tecnolog\u00eda en impresi\u00f3n digital para asegurar que tus im\u00e1genes queden impresas en alta resoluci\u00f3n y calidad fotogr\u00e1fica. Adem\u00e1s, nuestro lienzo de alta calidad proporciona una textura suave y vibrante que resalta los detalles de tu imagen.<\/p>\n<p>Este producto es ideal para decorar hogares, oficinas, negocios, restaurantes y galer\u00edas de arte. La calidad de la impresi\u00f3n en lienzo garantiza una durabilidad y resistencia al agua que asegura que tu imagen mantendr\u00e1 su calidad a trav\u00e9s del tiempo. Adem\u00e1s, nuestra impresi\u00f3n en tela tipo canvas es f\u00e1cil de colgar y exhibir.<\/p>\n<p>Nuestro equipo de dise\u00f1o gr\u00e1fico est\u00e1 disponible para ayudarte a crear la imagen perfecta para tu espacio. Ya sea que est\u00e9s buscando una pieza de arte \u00fanica para tu hogar o un impresionante dise\u00f1o para promocionar tu negocio, estamos aqu\u00ed para ayudarte a lograr tus objetivos.<\/p>\n","protected":false},"excerpt":{"rendered":"<p>Materiales:<br \/>\n-Algod\u00f3n o poliester<br \/>\n-Tela digital:<br \/>\nPlacar, Plactex, Telixcon y con adhesivo Telixcon para pared<br \/>\n-Precio en base a m2<br \/>\n-Ancho de impresion 1.2mts<br \/>\n-Bastidor o marco no incluido<br \/>\n-Incluir en en la medida los sobrantes para instalar en marco y dejar nota para rebases<br \/>\n-Impreso con tinta ecosolvente<\/p>\n","protected":false},"featured_media":1038,"comment_status":"open","ping_status":"closed","template":"","meta":[],"product_cat":[270,282,71],"product_tag":[],"_links":{"self":[{"href":"https:\/\/wedopcf.com\/wordpress-2\/wp-json\/wp\/v2\/product\/1026"}],"collection":[{"href":"https:\/\/wedopcf.com\/wordpress-2\/wp-json\/wp\/v2\/product"}],"about":[{"href":"https:\/\/wedopcf.com\/wordpress-2\/wp-json\/wp\/v2\/types\/product"}],"replies":[{"embeddable":true,"href":"https:\/\/wedopcf.com\/wordpress-2\/wp-json\/wp\/v2\/comments?post=1026"}],"wp:featuredmedia":[{"embeddable":true,"href":"https:\/\/wedopcf.com\/wordpress-2\/wp-json\/wp\/v2\/media\/1038"}],"wp:attachment":[{"href":"https:\/\/wedopcf.com\/wordpress-2\/wp-json\/wp\/v2\/media?parent=1026"}],"wp:term":[{"taxonomy":"product_cat","embeddable":true,"href":"https:\/\/wedopcf.com\/wordpress-2\/wp-json\/wp\/v2\/product_cat?post=1026"},{"taxonomy":"product_tag","embeddable":true,"href":"https:\/\/wedopcf.com\/wordpress-2\/wp-json\/wp\/v2\/product_tag?post=1026"}],"curies":[{"name":"wp","href":"https:\/\/api.w.org\/{rel}","templated":true}]}}