{"id":1021,"date":"2023-04-18T06:02:52","date_gmt":"2023-04-18T06:02:52","guid":{"rendered":"https:\/\/wedopcf.com\/wordpress-2\/?post_type=product&#038;p=1021"},"modified":"2024-10-17T04:07:49","modified_gmt":"2024-10-17T04:07:49","slug":"vinil-alta-resolucion","status":"publish","type":"product","link":"https:\/\/wedopcf.com\/wordpress-2\/producto\/vinil-alta-resolucion\/","title":{"rendered":"Vinil alta resoluci\u00f3n"},"content":{"rendered":"<p>Nuestro vinil impreso en alta resoluci\u00f3n con tinta ecosolvente es la soluci\u00f3n ideal para quienes buscan una imagen impactante y duradera en su publicidad exterior. Gracias a la alta calidad de impresi\u00f3n y a la tecnolog\u00eda de tinta ecosolvente, podemos garantizarte colores vibrantes y n\u00edtidos que no se desvanecer\u00e1n con el tiempo, incluso bajo condiciones clim\u00e1ticas extremas.<\/p>\n<p>Este vinil es perfecto para todo tipo de anuncios publicitarios, carteles de venta, se\u00f1alizaci\u00f3n de eventos, decoraci\u00f3n de interiores y exteriores, entre otros usos. Adem\u00e1s, se puede imprimir en diferentes tama\u00f1os, seg\u00fan tus necesidades, y se puede aplicar en una variedad de superficies, como paredes, ventanas, veh\u00edculos y m\u00e1s.<\/p>\n<p>El proceso de impresi\u00f3n es r\u00e1pido y eficiente, lo que significa que podr\u00e1s tener tus dise\u00f1os en tus manos en poco tiempo. Adem\u00e1s, nuestro equipo de dise\u00f1o gr\u00e1fico est\u00e1 disponible para ayudarte a crear el dise\u00f1o perfecto que se ajuste a tus necesidades y objetivos de marketing.<\/p>\n<p>En resumen, si buscas un producto de alta calidad y duradero para tu publicidad exterior, nuestro vinil impreso en alta resoluci\u00f3n con tinta ecosolvente es la elecci\u00f3n perfecta.<\/p>\n","protected":false},"excerpt":{"rendered":"<p>-Vinil brillante con adhesivo de alta adherencia<br \/>\n-Precio por metro cuadrado<br \/>\n-No incluye elaboraci\u00f3n de dise\u00f1o<br \/>\n-Se entrega en rollos de 127cm con empalmes para im\u00e1genes mas grandes<br \/>\n-Opcional y con costo extra corte de piezas mediante Cnc de recorte de vinil<br \/>\nOpcional y con costo extra aplicaci\u00f3n de barniz para mayor duraci\u00f3n al intemperie<\/p>\n","protected":false},"featured_media":1035,"comment_status":"open","ping_status":"closed","template":"","meta":[],"product_cat":[270,71,271],"product_tag":[276,274,272,273,275,277,58],"_links":{"self":[{"href":"https:\/\/wedopcf.com\/wordpress-2\/wp-json\/wp\/v2\/product\/1021"}],"collection":[{"href":"https:\/\/wedopcf.com\/wordpress-2\/wp-json\/wp\/v2\/product"}],"about":[{"href":"https:\/\/wedopcf.com\/wordpress-2\/wp-json\/wp\/v2\/types\/product"}],"replies":[{"embeddable":true,"href":"https:\/\/wedopcf.com\/wordpress-2\/wp-json\/wp\/v2\/comments?post=1021"}],"wp:featuredmedia":[{"embeddable":true,"href":"https:\/\/wedopcf.com\/wordpress-2\/wp-json\/wp\/v2\/media\/1035"}],"wp:attachment":[{"href":"https:\/\/wedopcf.com\/wordpress-2\/wp-json\/wp\/v2\/media?parent=1021"}],"wp:term":[{"taxonomy":"product_cat","embeddable":true,"href":"https:\/\/wedopcf.com\/wordpress-2\/wp-json\/wp\/v2\/product_cat?post=1021"},{"taxonomy":"product_tag","embeddable":true,"href":"https:\/\/wedopcf.com\/wordpress-2\/wp-json\/wp\/v2\/product_tag?post=1021"}],"curies":[{"name":"wp","href":"https:\/\/api.w.org\/{rel}","templated":true}]}}