{"id":1004,"date":"2022-09-07T18:56:13","date_gmt":"2022-09-07T18:56:13","guid":{"rendered":"https:\/\/wedopcf.com\/wordpress-2\/?post_type=product&#038;p=1004"},"modified":"2022-09-07T19:05:08","modified_gmt":"2022-09-07T19:05:08","slug":"riesgo-electrico","status":"publish","type":"product","link":"https:\/\/wedopcf.com\/wordpress-2\/producto\/riesgo-electrico\/","title":{"rendered":"Riesgo el\u00e9ctrico"},"content":{"rendered":"<p>Etiquetas impresas en vinil adheridle blanco y color amarillo con negro en serigraf\u00eda para la identificaci\u00f3n de peligro potencial de riesgo de choque el\u00e9ctrico<\/p>\n<p>La etiqueta es apta para exterior e interiores<\/p>\n<p>&nbsp;<\/p>\n<p>&nbsp;<\/p>\n<p>&nbsp;<\/p>\n","protected":false},"excerpt":{"rendered":"<p>Vinil con impresi\u00f3n en serigraf\u00eda a 2 tintas<\/p>\n<p>Se puede reproducir cualquier texto y color necesario<\/p>\n<p>Se vende desde una pieza<\/p>\n<p>Medidas 15x15cm y 10&#215;10 cm<\/p>\n","protected":false},"featured_media":1009,"comment_status":"open","ping_status":"closed","template":"","meta":[],"product_cat":[91,56],"product_tag":[261,262,195,132,197,260,121,248],"_links":{"self":[{"href":"https:\/\/wedopcf.com\/wordpress-2\/wp-json\/wp\/v2\/product\/1004"}],"collection":[{"href":"https:\/\/wedopcf.com\/wordpress-2\/wp-json\/wp\/v2\/product"}],"about":[{"href":"https:\/\/wedopcf.com\/wordpress-2\/wp-json\/wp\/v2\/types\/product"}],"replies":[{"embeddable":true,"href":"https:\/\/wedopcf.com\/wordpress-2\/wp-json\/wp\/v2\/comments?post=1004"}],"wp:featuredmedia":[{"embeddable":true,"href":"https:\/\/wedopcf.com\/wordpress-2\/wp-json\/wp\/v2\/media\/1009"}],"wp:attachment":[{"href":"https:\/\/wedopcf.com\/wordpress-2\/wp-json\/wp\/v2\/media?parent=1004"}],"wp:term":[{"taxonomy":"product_cat","embeddable":true,"href":"https:\/\/wedopcf.com\/wordpress-2\/wp-json\/wp\/v2\/product_cat?post=1004"},{"taxonomy":"product_tag","embeddable":true,"href":"https:\/\/wedopcf.com\/wordpress-2\/wp-json\/wp\/v2\/product_tag?post=1004"}],"curies":[{"name":"wp","href":"https:\/\/api.w.org\/{rel}","templated":true}]}}