{"id":3,"date":"2021-04-12T18:44:05","date_gmt":"2021-04-12T18:44:05","guid":{"rendered":"http:\/\/wedopcf.com\/wordpress-2\/?page_id=3"},"modified":"2024-09-26T21:49:57","modified_gmt":"2024-09-26T21:49:57","slug":"politica-devoluciones","status":"publish","type":"page","link":"https:\/\/wedopcf.com\/wordpress-2\/politica-devoluciones\/","title":{"rendered":"Pol\u00edtica de devoluci\u00f3n por defectos"},"content":{"rendered":"<p>Para hacer efectiva la devoluci\u00f3n de los productos el material debe estar pagado al 100% y se sujetan a la evaluaci\u00f3n posterior de los siguientes puntos:<\/p>\n<p>1.- Fotograf\u00edas de recepci\u00f3n de paquetes para saber si no fue por causa de la paqueter\u00eda.<\/p>\n<p>2.- En caso de defectos impresi\u00f3n, hacer llegar las evidencias para evaluar la situaci\u00f3n.<\/p>\n<p>3.- Si hay errores ortogr\u00e1ficos o de medidas que se detectaron una vez confirmados los dise\u00f1os y tama\u00f1os, se generara el cambio sin costo.\u00a0<\/p>\n<p>a) Si el cliente aprueba la impresion con defectos por env\u00edos de logotipos de baja resoluci\u00f3n, no habra cambios, ni devoluciones.<\/p>\n<p>4.-Si surge desprendimiento por una mala aplicaci\u00f3n del producto, no aplica garant\u00eda.<\/p>\n<p>5.- Si utilizaron qu\u00edmicos no recomendados para su limpieza sufriendo desperfectos, no habra devoluciones.<\/p>\n<p>6.- En caso de ser favorable en su cambio por garant\u00eda, la devoluci\u00f3n cuenta por parte del cliente o para evitar costos se piden evidencia fotogr\u00e1fica de destrucci\u00f3n de material recibido en donde se vea claramente la cantidad y producto que se cambiar\u00e1.<\/p>\n<p>7.- Si el cliente provee el medio de env\u00edo y este se pierde o llega con defectos no nos hacemos responsables de garant\u00edas solicitadas derivadas de este proceso.<\/p>\n<p>Cualquier duda o alclaracion debe de hacer llegar factura de compra, comprobante de pago y evidencias fotogr\u00e1ficas al correo o WhatsApp<\/p>\n<p>&nbsp;<\/p>\n<p>&nbsp;<\/p>\n<p>&nbsp;<\/p>\n","protected":false},"excerpt":{"rendered":"<p>Para hacer efectiva la devoluci\u00f3n de los productos el material debe estar pagado al 100% y se sujetan a la evaluaci\u00f3n posterior de los siguientes puntos: 1.- Fotograf\u00edas de recepci\u00f3n de paquetes para saber si no fue por causa de la paqueter\u00eda. 2.- En caso de defectos impresi\u00f3n, hacer llegar las evidencias para evaluar la &hellip;<\/p>\n<p class=\"read-more\"> <a class=\" thunk-readmore button \" href=\"https:\/\/wedopcf.com\/wordpress-2\/politica-devoluciones\/\"> <span class=\"screen-reader-text\">Pol\u00edtica de devoluci\u00f3n por defectos<\/span>Leer m\u00e1s<\/a><\/p>\n","protected":false},"author":1,"featured_media":0,"parent":0,"menu_order":0,"comment_status":"closed","ping_status":"open","template":"","meta":{"footnotes":""},"_links":{"self":[{"href":"https:\/\/wedopcf.com\/wordpress-2\/wp-json\/wp\/v2\/pages\/3"}],"collection":[{"href":"https:\/\/wedopcf.com\/wordpress-2\/wp-json\/wp\/v2\/pages"}],"about":[{"href":"https:\/\/wedopcf.com\/wordpress-2\/wp-json\/wp\/v2\/types\/page"}],"author":[{"embeddable":true,"href":"https:\/\/wedopcf.com\/wordpress-2\/wp-json\/wp\/v2\/users\/1"}],"replies":[{"embeddable":true,"href":"https:\/\/wedopcf.com\/wordpress-2\/wp-json\/wp\/v2\/comments?post=3"}],"version-history":[{"count":1,"href":"https:\/\/wedopcf.com\/wordpress-2\/wp-json\/wp\/v2\/pages\/3\/revisions"}],"predecessor-version":[{"id":1456,"href":"https:\/\/wedopcf.com\/wordpress-2\/wp-json\/wp\/v2\/pages\/3\/revisions\/1456"}],"wp:attachment":[{"href":"https:\/\/wedopcf.com\/wordpress-2\/wp-json\/wp\/v2\/media?parent=3"}],"curies":[{"name":"wp","href":"https:\/\/api.w.org\/{rel}","templated":true}]}}