{"id":154,"date":"2021-03-24T03:42:27","date_gmt":"2021-03-24T03:42:27","guid":{"rendered":"http:\/\/localhost:8888\/woocommerce\/?page_id=154"},"modified":"2023-07-25T05:21:48","modified_gmt":"2023-07-25T05:21:48","slug":"objetivo","status":"publish","type":"page","link":"https:\/\/wedopcf.com\/wordpress-2\/inicio\/objetivo\/","title":{"rendered":"Objetivo"},"content":{"rendered":"<p>El objetivo principal de <strong>WEDO PCF<\/strong> es destacar como l\u00edderes en el mercado, ofreciendo servicios y productos de m\u00e1xima calidad, enfocados en la seguridad y la confianza, y diferenci\u00e1ndonos al proporcionar precios al instante para todos nuestros servicios.<\/p>\n<p>Nuestro compromiso es brindar soluciones integrales y personalizadas en las \u00e1reas de impresi\u00f3n, construcci\u00f3n y fabricaci\u00f3n de muebles a medida, manteniendo un enfoque constante en la excelencia y la satisfacci\u00f3n del cliente.<\/p>\n<p>Nos esforzamos por superar las expectativas de nuestros clientes en cada etapa, desde el primer contacto hasta la entrega final. La agilidad y eficiencia son fundamentales en nuestro proceso, y al ser los \u00fanicos que proporcionamos precios al instante para nuestros servicios, buscamos facilitar la toma de decisiones de nuestros clientes y agilizar el inicio de sus proyectos.<\/p>\n<p>Adem\u00e1s, la calidad es una piedra angular de nuestro trabajo. Utilizamos materiales de primera y contamos con un equipo altamente capacitado que se dedica a dise\u00f1ar, fabricar y asesorar en cada proyecto. La seguridad es otra prioridad esencial en nuestras operaciones, garantizando un entorno seguro para nuestros colaboradores y clientes en todas nuestras actividades.<\/p>\n<p>Buscamos generar confianza a trav\u00e9s de una comunicaci\u00f3n abierta y transparente, estableciendo relaciones s\u00f3lidas y duraderas con nuestros clientes. Nuestra experiencia de 20 a\u00f1os en impresi\u00f3n, 15 a\u00f1os en construcci\u00f3n y 7 a\u00f1os en fabricaci\u00f3n de muebles a medida nos respalda, y nos enorgullece contar con un equipo comprometido que se dedica a brindar soluciones innovadoras y adaptadas a las necesidades individuales de cada cliente.<\/p>\n<p>&nbsp;<\/p>\n","protected":false},"excerpt":{"rendered":"<p>El objetivo principal de WEDO PCF es destacar como l\u00edderes en el mercado, ofreciendo servicios y productos de m\u00e1xima calidad, enfocados en la seguridad y la confianza, y diferenci\u00e1ndonos al proporcionar precios al instante para todos nuestros servicios. Nuestro compromiso es brindar soluciones integrales y personalizadas en las \u00e1reas de impresi\u00f3n, construcci\u00f3n y fabricaci\u00f3n de &hellip;<\/p>\n<p class=\"read-more\"> <a class=\" thunk-readmore button \" href=\"https:\/\/wedopcf.com\/wordpress-2\/inicio\/objetivo\/\"> <span class=\"screen-reader-text\">Objetivo<\/span>Leer m\u00e1s<\/a><\/p>\n","protected":false},"author":1,"featured_media":0,"parent":136,"menu_order":2,"comment_status":"closed","ping_status":"closed","template":"","meta":{"footnotes":""},"_links":{"self":[{"href":"https:\/\/wedopcf.com\/wordpress-2\/wp-json\/wp\/v2\/pages\/154"}],"collection":[{"href":"https:\/\/wedopcf.com\/wordpress-2\/wp-json\/wp\/v2\/pages"}],"about":[{"href":"https:\/\/wedopcf.com\/wordpress-2\/wp-json\/wp\/v2\/types\/page"}],"author":[{"embeddable":true,"href":"https:\/\/wedopcf.com\/wordpress-2\/wp-json\/wp\/v2\/users\/1"}],"replies":[{"embeddable":true,"href":"https:\/\/wedopcf.com\/wordpress-2\/wp-json\/wp\/v2\/comments?post=154"}],"version-history":[{"count":2,"href":"https:\/\/wedopcf.com\/wordpress-2\/wp-json\/wp\/v2\/pages\/154\/revisions"}],"predecessor-version":[{"id":1056,"href":"https:\/\/wedopcf.com\/wordpress-2\/wp-json\/wp\/v2\/pages\/154\/revisions\/1056"}],"up":[{"embeddable":true,"href":"https:\/\/wedopcf.com\/wordpress-2\/wp-json\/wp\/v2\/pages\/136"}],"wp:attachment":[{"href":"https:\/\/wedopcf.com\/wordpress-2\/wp-json\/wp\/v2\/media?parent=154"}],"curies":[{"name":"wp","href":"https:\/\/api.w.org\/{rel}","templated":true}]}}