{"id":136,"date":"2021-03-23T07:58:31","date_gmt":"2021-03-23T07:58:31","guid":{"rendered":"http:\/\/localhost:8888\/woocommerce\/?page_id=136"},"modified":"2021-03-23T07:58:31","modified_gmt":"2021-03-23T07:58:31","slug":"inicio","status":"publish","type":"page","link":"https:\/\/wedopcf.com\/wordpress-2\/inicio\/","title":{"rendered":"Quienes somos?"},"content":{"rendered":"<h3>WEDO Soluciones integrales de Mexico<\/h3>\n<p>Empresa enfocada a brindar soluciones integrales y a la medida \u00a0en lo servicios de impresi\u00f3n, construcci\u00f3n \u00a0y fabricaci\u00f3n de muebles.<\/p>\n<p>Contamos con 20 a\u00f1os de experiencia en impresos, 15 a\u00f1os en construcci\u00f3n y 7 en fabricaci\u00f3n de muebles a la medida.<\/p>\n<p>Dise\u00f1amos, fabricamos y asesoramos en todas nuestras gamas de productos y servicios.<\/p>\n<p>&nbsp;<\/p>\n","protected":false},"excerpt":{"rendered":"<p>WEDO Soluciones integrales de Mexico Empresa enfocada a brindar soluciones integrales y a la medida \u00a0en lo servicios de impresi\u00f3n, construcci\u00f3n \u00a0y fabricaci\u00f3n de muebles. Contamos con 20 a\u00f1os de experiencia en impresos, 15 a\u00f1os en construcci\u00f3n y 7 en fabricaci\u00f3n de muebles a la medida. Dise\u00f1amos, fabricamos y asesoramos en todas nuestras gamas de &hellip;<\/p>\n<p class=\"read-more\"> <a class=\" thunk-readmore button \" href=\"https:\/\/wedopcf.com\/wordpress-2\/inicio\/\"> <span class=\"screen-reader-text\">Quienes somos?<\/span>Leer m\u00e1s<\/a><\/p>\n","protected":false},"author":1,"featured_media":146,"parent":0,"menu_order":0,"comment_status":"closed","ping_status":"closed","template":"","meta":{"footnotes":""},"_links":{"self":[{"href":"https:\/\/wedopcf.com\/wordpress-2\/wp-json\/wp\/v2\/pages\/136"}],"collection":[{"href":"https:\/\/wedopcf.com\/wordpress-2\/wp-json\/wp\/v2\/pages"}],"about":[{"href":"https:\/\/wedopcf.com\/wordpress-2\/wp-json\/wp\/v2\/types\/page"}],"author":[{"embeddable":true,"href":"https:\/\/wedopcf.com\/wordpress-2\/wp-json\/wp\/v2\/users\/1"}],"replies":[{"embeddable":true,"href":"https:\/\/wedopcf.com\/wordpress-2\/wp-json\/wp\/v2\/comments?post=136"}],"version-history":[{"count":1,"href":"https:\/\/wedopcf.com\/wordpress-2\/wp-json\/wp\/v2\/pages\/136\/revisions"}],"predecessor-version":[{"id":1053,"href":"https:\/\/wedopcf.com\/wordpress-2\/wp-json\/wp\/v2\/pages\/136\/revisions\/1053"}],"wp:featuredmedia":[{"embeddable":true,"href":"https:\/\/wedopcf.com\/wordpress-2\/wp-json\/"}],"wp:attachment":[{"href":"https:\/\/wedopcf.com\/wordpress-2\/wp-json\/wp\/v2\/media?parent=136"}],"curies":[{"name":"wp","href":"https:\/\/api.w.org\/{rel}","templated":true}]}}